{"id":611,"date":"2017-10-02T14:06:55","date_gmt":"2017-10-02T12:06:55","guid":{"rendered":"https:\/\/parkujgo.pl\/?page_id=611\/"},"modified":"2017-11-09T09:38:44","modified_gmt":"2017-11-09T08:38:44","slug":"kontakt","status":"publish","type":"page","link":"https:\/\/parkujgo.pl\/sk\/kontakt\/","title":{"rendered":"Kontakt"},"content":{"rendered":"<div role=\"form\" class=\"wpcf7\" id=\"wpcf7-f625-o1\" lang=\"pl-PL\" dir=\"ltr\">\n<div class=\"screen-reader-response\"><p role=\"status\" aria-live=\"polite\" aria-atomic=\"true\"><\/p> <ul><\/ul><\/div>\n<form action=\"\/sk\/wp-json\/wp\/v2\/pages\/611#wpcf7-f625-o1\" method=\"post\" class=\"wpcf7-form init\" novalidate=\"novalidate\" data-status=\"init\">\n<div style=\"display: none;\">\n<input type=\"hidden\" name=\"_wpcf7\" value=\"625\" \/>\n<input type=\"hidden\" name=\"_wpcf7_version\" value=\"5.5.2\" \/>\n<input type=\"hidden\" name=\"_wpcf7_locale\" value=\"pl_PL\" \/>\n<input type=\"hidden\" name=\"_wpcf7_unit_tag\" value=\"wpcf7-f625-o1\" \/>\n<input type=\"hidden\" name=\"_wpcf7_container_post\" value=\"0\" \/>\n<input type=\"hidden\" name=\"_wpcf7_posted_data_hash\" value=\"\" \/>\n<input type=\"hidden\" name=\"_wpcf7_recaptcha_response\" value=\"\" \/>\n<\/div>\n<div class=\"row contact-form\">\n<div class=\"col-md-12 col-sm-12 col-xs-12\">\n<label for=\"c-name\"> Meno a priezvisko | N\u00e1zov firmy (povinn\u00e9) <\/label><br \/>\n    <span class=\"wpcf7-form-control-wrap your-name\"><input type=\"text\" name=\"your-name\" value=\"\" size=\"40\" class=\"wpcf7-form-control wpcf7-text wpcf7-validates-as-required\" id=\"c-name\" aria-required=\"true\" aria-invalid=\"false\" placeholder=\"Meno a priezvisko\" \/><\/span>\n<\/div>\n<div class=\"col-md-6 col-sm-12 col-xs-12\">\n<label for=\"c-email\">E-mail (povinn\u00e9)<\/label><br \/>\n    <span class=\"wpcf7-form-control-wrap your-email\"><input type=\"email\" name=\"your-email\" value=\"\" size=\"40\" class=\"wpcf7-form-control wpcf7-text wpcf7-email wpcf7-validates-as-required wpcf7-validates-as-email\" id=\"c-email\" aria-required=\"true\" aria-invalid=\"false\" placeholder=\"E-mail\" \/><\/span>\n<\/div>\n<div class=\"col-md-6 col-sm-12 col-xs-12\">\n<label for=\"c-tel\"> Telef\u00f3nne \u010d\u00edslo (povinn\u00e9)<br \/>\n<\/label><br \/>\n    <span class=\"wpcf7-form-control-wrap tel-375\"><input type=\"tel\" name=\"tel-375\" value=\"\" size=\"40\" class=\"wpcf7-form-control wpcf7-text wpcf7-tel wpcf7-validates-as-required wpcf7-validates-as-tel\" id=\"c-tel\" aria-required=\"true\" aria-invalid=\"false\" placeholder=\"Telef\u00f3nne\" \/><\/span>\n<\/div>\n<div class=\"col-md-12 col-sm-12 col-xs-12\">\n<label for=\"c-message\"> Term\u00edn rezerv\u00e1cie spolo\u010dne s hodinou pr\u00edjazdu \/ \u010fal\u0161\u00ed obsah:<\/label><br \/>\n    <span class=\"wpcf7-form-control-wrap your-message\"><textarea name=\"your-message\" cols=\"40\" rows=\"10\" class=\"wpcf7-form-control wpcf7-textarea\" id=\"c-message\" aria-invalid=\"false\" placeholder=\"Term\u00edn rezerv\u00e1cie spolo\u010dne s hodinou pr\u00edjazdu\"><\/textarea><\/span>\n<\/div>\n<div class=\"col-md-3 col-sm-12 col-xs-12\">\n<input type=\"submit\" value=\"Odosla\u0165\" class=\"wpcf7-form-control has-spinner wpcf7-submit\" \/>\n<\/div>\n<\/div>\n<input type='hidden' class='wpcf7-pum' value='{\"closepopup\":false,\"closedelay\":0,\"openpopup\":false,\"openpopup_id\":0}' \/><div class=\"wpcf7-response-output\" aria-hidden=\"true\"><\/div><\/form><\/div>\n","protected":false},"excerpt":{"rendered":"","protected":false},"author":1,"featured_media":0,"parent":0,"menu_order":28,"comment_status":"closed","ping_status":"closed","template":"","meta":[],"yoast_head":"<!-- This site is optimized with the Yoast SEO plugin v17.5 - https:\/\/yoast.com\/wordpress\/plugins\/seo\/ -->\n<title>Kontaktujte n\u00e1s! Parkovanie na letisku v Balice ParkujGo<\/title>\n<meta name=\"description\" content=\"Najlep\u0161ie parkovanie pri letisko Balice v Krakove. tel 533 727 585. mail: info@parkujgo.pl.\" \/>\n<meta name=\"robots\" content=\"index, follow, max-snippet:-1, max-image-preview:large, max-video-preview:-1\" \/>\n<link rel=\"canonical\" href=\"https:\/\/parkujgo.pl\/sk\/kontakt\/\" \/>\n<meta property=\"og:locale\" content=\"sk_SK\" \/>\n<meta property=\"og:type\" content=\"article\" \/>\n<meta property=\"og:title\" content=\"Kontaktujte n\u00e1s! Parkovanie na letisku v Balice ParkujGo\" \/>\n<meta property=\"og:description\" content=\"Najlep\u0161ie parkovanie pri letisko Balice v Krakove. tel 533 727 585. mail: info@parkujgo.pl.\" \/>\n<meta property=\"og:url\" content=\"https:\/\/parkujgo.pl\/sk\/kontakt\/\" \/>\n<meta property=\"og:site_name\" content=\"Balice ParkujGo\" \/>\n<meta property=\"article:modified_time\" content=\"2017-11-09T08:38:44+00:00\" \/>\n<meta name=\"twitter:card\" content=\"summary\" \/>\n<script type=\"application\/ld+json\" class=\"yoast-schema-graph\">{\"@context\":\"https:\/\/schema.org\",\"@graph\":[{\"@type\":\"Organization\",\"@id\":\"https:\/\/parkujgo.pl\/#organization\",\"name\":\"ParkujGo\",\"url\":\"https:\/\/parkujgo.pl\/\",\"sameAs\":[],\"logo\":{\"@type\":\"ImageObject\",\"@id\":\"https:\/\/parkujgo.pl\/#logo\",\"inLanguage\":\"sk-SK\",\"url\":\"https:\/\/parkujgo.pl\/wp-content\/uploads\/2018\/05\/parkujgo-logo.jpg\",\"contentUrl\":\"https:\/\/parkujgo.pl\/wp-content\/uploads\/2018\/05\/parkujgo-logo.jpg\",\"width\":\"44\",\"height\":\"65\",\"caption\":\"ParkujGo\"},\"image\":{\"@id\":\"https:\/\/parkujgo.pl\/#logo\"}},{\"@type\":\"WebSite\",\"@id\":\"https:\/\/parkujgo.pl\/#website\",\"url\":\"https:\/\/parkujgo.pl\/\",\"name\":\"Balice ParkujGo\",\"description\":\"Parkovisko Balice\",\"publisher\":{\"@id\":\"https:\/\/parkujgo.pl\/#organization\"},\"potentialAction\":[{\"@type\":\"SearchAction\",\"target\":{\"@type\":\"EntryPoint\",\"urlTemplate\":\"https:\/\/parkujgo.pl\/?s={search_term_string}\"},\"query-input\":\"required name=search_term_string\"}],\"inLanguage\":\"sk-SK\"},{\"@type\":\"WebPage\",\"@id\":\"https:\/\/parkujgo.pl\/sk\/kontakt\/#webpage\",\"url\":\"https:\/\/parkujgo.pl\/sk\/kontakt\/\",\"name\":\"Kontaktujte n\\u00e1s! Parkovanie na letisku v Balice ParkujGo\",\"isPartOf\":{\"@id\":\"https:\/\/parkujgo.pl\/#website\"},\"datePublished\":\"2017-10-02T12:06:55+00:00\",\"dateModified\":\"2017-11-09T08:38:44+00:00\",\"description\":\"Najlep\\u0161ie parkovanie pri letisko Balice v Krakove. tel 533 727 585. mail: info@parkujgo.pl.\",\"breadcrumb\":{\"@id\":\"https:\/\/parkujgo.pl\/sk\/kontakt\/#breadcrumb\"},\"inLanguage\":\"sk-SK\",\"potentialAction\":[{\"@type\":\"ReadAction\",\"target\":[\"https:\/\/parkujgo.pl\/sk\/kontakt\/\"]}]},{\"@type\":\"BreadcrumbList\",\"@id\":\"https:\/\/parkujgo.pl\/sk\/kontakt\/#breadcrumb\",\"itemListElement\":[{\"@type\":\"ListItem\",\"position\":1,\"name\":\"Strona g\\u0142\\u00f3wna\",\"item\":\"https:\/\/parkujgo.pl\/sk\/\"},{\"@type\":\"ListItem\",\"position\":2,\"name\":\"Kontakt\"}]}]}<\/script>\n<!-- \/ Yoast SEO plugin. -->","yoast_head_json":{"title":"Kontaktujte n\u00e1s! Parkovanie na letisku v Balice ParkujGo","description":"Najlep\u0161ie parkovanie pri letisko Balice v Krakove. tel 533 727 585. mail: info@parkujgo.pl.","robots":{"index":"index","follow":"follow","max-snippet":"max-snippet:-1","max-image-preview":"max-image-preview:large","max-video-preview":"max-video-preview:-1"},"canonical":"https:\/\/parkujgo.pl\/sk\/kontakt\/","og_locale":"sk_SK","og_type":"article","og_title":"Kontaktujte n\u00e1s! Parkovanie na letisku v Balice ParkujGo","og_description":"Najlep\u0161ie parkovanie pri letisko Balice v Krakove. tel 533 727 585. mail: info@parkujgo.pl.","og_url":"https:\/\/parkujgo.pl\/sk\/kontakt\/","og_site_name":"Balice ParkujGo","article_modified_time":"2017-11-09T08:38:44+00:00","twitter_card":"summary","schema":{"@context":"https:\/\/schema.org","@graph":[{"@type":"Organization","@id":"https:\/\/parkujgo.pl\/#organization","name":"ParkujGo","url":"https:\/\/parkujgo.pl\/","sameAs":[],"logo":{"@type":"ImageObject","@id":"https:\/\/parkujgo.pl\/#logo","inLanguage":"sk-SK","url":"https:\/\/parkujgo.pl\/wp-content\/uploads\/2018\/05\/parkujgo-logo.jpg","contentUrl":"https:\/\/parkujgo.pl\/wp-content\/uploads\/2018\/05\/parkujgo-logo.jpg","width":"44","height":"65","caption":"ParkujGo"},"image":{"@id":"https:\/\/parkujgo.pl\/#logo"}},{"@type":"WebSite","@id":"https:\/\/parkujgo.pl\/#website","url":"https:\/\/parkujgo.pl\/","name":"Balice ParkujGo","description":"Parkovisko Balice","publisher":{"@id":"https:\/\/parkujgo.pl\/#organization"},"potentialAction":[{"@type":"SearchAction","target":{"@type":"EntryPoint","urlTemplate":"https:\/\/parkujgo.pl\/?s={search_term_string}"},"query-input":"required name=search_term_string"}],"inLanguage":"sk-SK"},{"@type":"WebPage","@id":"https:\/\/parkujgo.pl\/sk\/kontakt\/#webpage","url":"https:\/\/parkujgo.pl\/sk\/kontakt\/","name":"Kontaktujte n\u00e1s! Parkovanie na letisku v Balice ParkujGo","isPartOf":{"@id":"https:\/\/parkujgo.pl\/#website"},"datePublished":"2017-10-02T12:06:55+00:00","dateModified":"2017-11-09T08:38:44+00:00","description":"Najlep\u0161ie parkovanie pri letisko Balice v Krakove. tel 533 727 585. mail: info@parkujgo.pl.","breadcrumb":{"@id":"https:\/\/parkujgo.pl\/sk\/kontakt\/#breadcrumb"},"inLanguage":"sk-SK","potentialAction":[{"@type":"ReadAction","target":["https:\/\/parkujgo.pl\/sk\/kontakt\/"]}]},{"@type":"BreadcrumbList","@id":"https:\/\/parkujgo.pl\/sk\/kontakt\/#breadcrumb","itemListElement":[{"@type":"ListItem","position":1,"name":"Strona g\u0142\u00f3wna","item":"https:\/\/parkujgo.pl\/sk\/"},{"@type":"ListItem","position":2,"name":"Kontakt"}]}]}},"_links":{"self":[{"href":"https:\/\/parkujgo.pl\/sk\/wp-json\/wp\/v2\/pages\/611"}],"collection":[{"href":"https:\/\/parkujgo.pl\/sk\/wp-json\/wp\/v2\/pages"}],"about":[{"href":"https:\/\/parkujgo.pl\/sk\/wp-json\/wp\/v2\/types\/page"}],"author":[{"embeddable":true,"href":"https:\/\/parkujgo.pl\/sk\/wp-json\/wp\/v2\/users\/1"}],"replies":[{"embeddable":true,"href":"https:\/\/parkujgo.pl\/sk\/wp-json\/wp\/v2\/comments?post=611"}],"version-history":[{"count":2,"href":"https:\/\/parkujgo.pl\/sk\/wp-json\/wp\/v2\/pages\/611\/revisions"}],"predecessor-version":[{"id":626,"href":"https:\/\/parkujgo.pl\/sk\/wp-json\/wp\/v2\/pages\/611\/revisions\/626"}],"wp:attachment":[{"href":"https:\/\/parkujgo.pl\/sk\/wp-json\/wp\/v2\/media?parent=611"}],"curies":[{"name":"wp","href":"https:\/\/api.w.org\/{rel}","templated":true}]}}