{"id":609,"date":"2017-10-02T14:06:38","date_gmt":"2017-10-02T12:06:38","guid":{"rendered":"https:\/\/parkujgo.pl\/?page_id=609\/"},"modified":"2017-11-08T13:14:58","modified_gmt":"2017-11-08T12:14:58","slug":"je-dobre-vediet","status":"publish","type":"page","link":"https:\/\/parkujgo.pl\/sk\/je-dobre-vediet\/","title":{"rendered":"Je dobr\u00e9 vedie\u0165"},"content":{"rendered":"","protected":false},"excerpt":{"rendered":"","protected":false},"author":1,"featured_media":0,"parent":0,"menu_order":1,"comment_status":"closed","ping_status":"closed","template":"faq_template.php","meta":[],"yoast_head":"<!-- This site is optimized with the Yoast SEO plugin v17.5 - https:\/\/yoast.com\/wordpress\/plugins\/seo\/ -->\n<title>\u010co by ste mali vedie\u0165 o parkovan\u00ed ParkujGo v Balice<\/title>\n<meta name=\"description\" content=\"Potrebuj\u00fa vedie\u0165 viac o n\u00e1s? V\u00edtan\u00e9. Zistite, \u010do m\u00f4\u017eete vy a va\u0161a rodina m\u00f4\u017ee pon\u00faknu\u0165.\" \/>\n<meta name=\"robots\" content=\"index, follow, max-snippet:-1, max-image-preview:large, max-video-preview:-1\" \/>\n<link rel=\"canonical\" href=\"https:\/\/parkujgo.pl\/sk\/je-dobre-vediet\/\" \/>\n<meta property=\"og:locale\" content=\"sk_SK\" \/>\n<meta property=\"og:type\" content=\"article\" \/>\n<meta property=\"og:title\" content=\"\u010co by ste mali vedie\u0165 o parkovan\u00ed ParkujGo v Balice\" \/>\n<meta property=\"og:description\" content=\"Potrebuj\u00fa vedie\u0165 viac o n\u00e1s? V\u00edtan\u00e9. Zistite, \u010do m\u00f4\u017eete vy a va\u0161a rodina m\u00f4\u017ee pon\u00faknu\u0165.\" \/>\n<meta property=\"og:url\" content=\"https:\/\/parkujgo.pl\/sk\/je-dobre-vediet\/\" \/>\n<meta property=\"og:site_name\" content=\"Balice ParkujGo\" \/>\n<meta property=\"article:modified_time\" content=\"2017-11-08T12:14:58+00:00\" \/>\n<meta name=\"twitter:card\" content=\"summary\" \/>\n<script type=\"application\/ld+json\" class=\"yoast-schema-graph\">{\"@context\":\"https:\/\/schema.org\",\"@graph\":[{\"@type\":\"Organization\",\"@id\":\"https:\/\/parkujgo.pl\/#organization\",\"name\":\"ParkujGo\",\"url\":\"https:\/\/parkujgo.pl\/\",\"sameAs\":[],\"logo\":{\"@type\":\"ImageObject\",\"@id\":\"https:\/\/parkujgo.pl\/#logo\",\"inLanguage\":\"sk-SK\",\"url\":\"https:\/\/parkujgo.pl\/wp-content\/uploads\/2018\/05\/parkujgo-logo.jpg\",\"contentUrl\":\"https:\/\/parkujgo.pl\/wp-content\/uploads\/2018\/05\/parkujgo-logo.jpg\",\"width\":\"44\",\"height\":\"65\",\"caption\":\"ParkujGo\"},\"image\":{\"@id\":\"https:\/\/parkujgo.pl\/#logo\"}},{\"@type\":\"WebSite\",\"@id\":\"https:\/\/parkujgo.pl\/#website\",\"url\":\"https:\/\/parkujgo.pl\/\",\"name\":\"Balice ParkujGo\",\"description\":\"Parkovisko Balice\",\"publisher\":{\"@id\":\"https:\/\/parkujgo.pl\/#organization\"},\"potentialAction\":[{\"@type\":\"SearchAction\",\"target\":{\"@type\":\"EntryPoint\",\"urlTemplate\":\"https:\/\/parkujgo.pl\/?s={search_term_string}\"},\"query-input\":\"required name=search_term_string\"}],\"inLanguage\":\"sk-SK\"},{\"@type\":\"WebPage\",\"@id\":\"https:\/\/parkujgo.pl\/sk\/je-dobre-vediet\/#webpage\",\"url\":\"https:\/\/parkujgo.pl\/sk\/je-dobre-vediet\/\",\"name\":\"\\u010co by ste mali vedie\\u0165 o parkovan\\u00ed ParkujGo v Balice\",\"isPartOf\":{\"@id\":\"https:\/\/parkujgo.pl\/#website\"},\"datePublished\":\"2017-10-02T12:06:38+00:00\",\"dateModified\":\"2017-11-08T12:14:58+00:00\",\"description\":\"Potrebuj\\u00fa vedie\\u0165 viac o n\\u00e1s? V\\u00edtan\\u00e9. Zistite, \\u010do m\\u00f4\\u017eete vy a va\\u0161a rodina m\\u00f4\\u017ee pon\\u00faknu\\u0165.\",\"breadcrumb\":{\"@id\":\"https:\/\/parkujgo.pl\/sk\/je-dobre-vediet\/#breadcrumb\"},\"inLanguage\":\"sk-SK\",\"potentialAction\":[{\"@type\":\"ReadAction\",\"target\":[\"https:\/\/parkujgo.pl\/sk\/je-dobre-vediet\/\"]}]},{\"@type\":\"BreadcrumbList\",\"@id\":\"https:\/\/parkujgo.pl\/sk\/je-dobre-vediet\/#breadcrumb\",\"itemListElement\":[{\"@type\":\"ListItem\",\"position\":1,\"name\":\"Strona g\\u0142\\u00f3wna\",\"item\":\"https:\/\/parkujgo.pl\/sk\/\"},{\"@type\":\"ListItem\",\"position\":2,\"name\":\"Je dobr\\u00e9 vedie\\u0165\"}]}]}<\/script>\n<!-- \/ Yoast SEO plugin. -->","yoast_head_json":{"title":"\u010co by ste mali vedie\u0165 o parkovan\u00ed ParkujGo v Balice","description":"Potrebuj\u00fa vedie\u0165 viac o n\u00e1s? V\u00edtan\u00e9. Zistite, \u010do m\u00f4\u017eete vy a va\u0161a rodina m\u00f4\u017ee pon\u00faknu\u0165.","robots":{"index":"index","follow":"follow","max-snippet":"max-snippet:-1","max-image-preview":"max-image-preview:large","max-video-preview":"max-video-preview:-1"},"canonical":"https:\/\/parkujgo.pl\/sk\/je-dobre-vediet\/","og_locale":"sk_SK","og_type":"article","og_title":"\u010co by ste mali vedie\u0165 o parkovan\u00ed ParkujGo v Balice","og_description":"Potrebuj\u00fa vedie\u0165 viac o n\u00e1s? V\u00edtan\u00e9. Zistite, \u010do m\u00f4\u017eete vy a va\u0161a rodina m\u00f4\u017ee pon\u00faknu\u0165.","og_url":"https:\/\/parkujgo.pl\/sk\/je-dobre-vediet\/","og_site_name":"Balice ParkujGo","article_modified_time":"2017-11-08T12:14:58+00:00","twitter_card":"summary","schema":{"@context":"https:\/\/schema.org","@graph":[{"@type":"Organization","@id":"https:\/\/parkujgo.pl\/#organization","name":"ParkujGo","url":"https:\/\/parkujgo.pl\/","sameAs":[],"logo":{"@type":"ImageObject","@id":"https:\/\/parkujgo.pl\/#logo","inLanguage":"sk-SK","url":"https:\/\/parkujgo.pl\/wp-content\/uploads\/2018\/05\/parkujgo-logo.jpg","contentUrl":"https:\/\/parkujgo.pl\/wp-content\/uploads\/2018\/05\/parkujgo-logo.jpg","width":"44","height":"65","caption":"ParkujGo"},"image":{"@id":"https:\/\/parkujgo.pl\/#logo"}},{"@type":"WebSite","@id":"https:\/\/parkujgo.pl\/#website","url":"https:\/\/parkujgo.pl\/","name":"Balice ParkujGo","description":"Parkovisko Balice","publisher":{"@id":"https:\/\/parkujgo.pl\/#organization"},"potentialAction":[{"@type":"SearchAction","target":{"@type":"EntryPoint","urlTemplate":"https:\/\/parkujgo.pl\/?s={search_term_string}"},"query-input":"required name=search_term_string"}],"inLanguage":"sk-SK"},{"@type":"WebPage","@id":"https:\/\/parkujgo.pl\/sk\/je-dobre-vediet\/#webpage","url":"https:\/\/parkujgo.pl\/sk\/je-dobre-vediet\/","name":"\u010co by ste mali vedie\u0165 o parkovan\u00ed ParkujGo v Balice","isPartOf":{"@id":"https:\/\/parkujgo.pl\/#website"},"datePublished":"2017-10-02T12:06:38+00:00","dateModified":"2017-11-08T12:14:58+00:00","description":"Potrebuj\u00fa vedie\u0165 viac o n\u00e1s? V\u00edtan\u00e9. Zistite, \u010do m\u00f4\u017eete vy a va\u0161a rodina m\u00f4\u017ee pon\u00faknu\u0165.","breadcrumb":{"@id":"https:\/\/parkujgo.pl\/sk\/je-dobre-vediet\/#breadcrumb"},"inLanguage":"sk-SK","potentialAction":[{"@type":"ReadAction","target":["https:\/\/parkujgo.pl\/sk\/je-dobre-vediet\/"]}]},{"@type":"BreadcrumbList","@id":"https:\/\/parkujgo.pl\/sk\/je-dobre-vediet\/#breadcrumb","itemListElement":[{"@type":"ListItem","position":1,"name":"Strona g\u0142\u00f3wna","item":"https:\/\/parkujgo.pl\/sk\/"},{"@type":"ListItem","position":2,"name":"Je dobr\u00e9 vedie\u0165"}]}]}},"_links":{"self":[{"href":"https:\/\/parkujgo.pl\/sk\/wp-json\/wp\/v2\/pages\/609"}],"collection":[{"href":"https:\/\/parkujgo.pl\/sk\/wp-json\/wp\/v2\/pages"}],"about":[{"href":"https:\/\/parkujgo.pl\/sk\/wp-json\/wp\/v2\/types\/page"}],"author":[{"embeddable":true,"href":"https:\/\/parkujgo.pl\/sk\/wp-json\/wp\/v2\/users\/1"}],"replies":[{"embeddable":true,"href":"https:\/\/parkujgo.pl\/sk\/wp-json\/wp\/v2\/comments?post=609"}],"version-history":[{"count":2,"href":"https:\/\/parkujgo.pl\/sk\/wp-json\/wp\/v2\/pages\/609\/revisions"}],"predecessor-version":[{"id":624,"href":"https:\/\/parkujgo.pl\/sk\/wp-json\/wp\/v2\/pages\/609\/revisions\/624"}],"wp:attachment":[{"href":"https:\/\/parkujgo.pl\/sk\/wp-json\/wp\/v2\/media?parent=609"}],"curies":[{"name":"wp","href":"https:\/\/api.w.org\/{rel}","templated":true}]}}