{"id":605,"date":"2017-09-01T11:50:47","date_gmt":"2017-09-01T09:50:47","guid":{"rendered":"https:\/\/parkujgo.pl\/?page_id=605\/"},"modified":"2018-11-07T10:29:17","modified_gmt":"2018-11-07T09:29:17","slug":"cennik","status":"publish","type":"page","link":"https:\/\/parkujgo.pl\/sk\/cennik\/","title":{"rendered":"Cenn\u00edk"},"content":{"rendered":"<p>Poplatky na parkovisku Parkujgo.pl sa \u00fa\u010dtuj\u00fa za ka\u017ed\u00fd za\u010dat\u00fd de\u0148.<br \/>\nJe mo\u017en\u00e9 uhradi\u0165 slu\u017ebu prevodom, av\u0161ak preferujeme platbu v hotovosti v de\u0148 odjazdu. Fakt\u00fary vystavujeme v term\u00edne 7 dn\u00ed od \u00fahrady.<br \/>\nFaktura\u010dn\u00e9 \u00fadaje n\u00e1m, pros\u00edm, poskytnite v okam\u017eiku rezerv\u00e1cie alebo potom, \u010do doraz\u00edte na parkovisko.<\/p>\n<p>Prij\u00edmame \u20ac .<br \/>\nPlatby v \u20ac prij\u00edmame len v bankovk\u00e1ch, pod\u013ea aktu\u00e1lneho kurzu Po\u013eskej n\u00e1rodnej banky na vypo\u010d\u00edtan\u00fa \u010diastku. Pr\u00edpadn\u00fd rozdiel vraciame v PLN.<\/p>\n<p>Pokia\u013e chcete svoje auto na na\u0161om parkovisku zaparkova\u0165 na dobu dlh\u0161iu ne\u017e 31 dn\u00ed, kontaktujte n\u00e1s, pros\u00edm, mailom alebo telefonicky \u2013 priprav\u00edme \u0161peci\u00e1lnu cenov\u00fa ponuku.<\/p>\n","protected":false},"excerpt":{"rendered":"<p>Poplatky na parkovisku Parkujgo.pl sa \u00fa\u010dtuj\u00fa za ka\u017ed\u00fd za\u010dat\u00fd de\u0148. Je mo\u017en\u00e9 uhradi\u0165 slu\u017ebu prevodom, av\u0161ak preferujeme platbu v hotovosti v de\u0148 odjazdu. Fakt\u00fary vystavujeme v term\u00edne 7 dn\u00ed od \u00fahrady. Faktura\u010dn\u00e9 \u00fadaje n\u00e1m, pros\u00edm, poskytnite v okam\u017eiku rezerv\u00e1cie alebo potom, \u010do doraz\u00edte na parkovisko. Prij\u00edmame \u20ac . Platby v \u20ac prij\u00edmame len v bankovk\u00e1ch, [&hellip;]<\/p>\n","protected":false},"author":1,"featured_media":0,"parent":0,"menu_order":4,"comment_status":"closed","ping_status":"closed","template":"cennik_template.php","meta":[],"yoast_head":"<!-- This site is optimized with the Yoast SEO plugin v17.5 - https:\/\/yoast.com\/wordpress\/plugins\/seo\/ -->\n<title>ParkujGo parking ceny - cenu. Prv\u00fd de\u0148 10 PLN<\/title>\n<meta name=\"description\" content=\"Parkovanie Balice - Otvoren\u00fd 24\/7 zadarmo a bezpe\u010dne \u2708 prenos $: 0. \u2705 presk\u00faman\u00e1 ve\u013ea.\" \/>\n<meta name=\"robots\" content=\"index, follow, max-snippet:-1, max-image-preview:large, max-video-preview:-1\" \/>\n<link rel=\"canonical\" href=\"https:\/\/parkujgo.pl\/sk\/cennik\/\" \/>\n<meta property=\"og:locale\" content=\"sk_SK\" \/>\n<meta property=\"og:type\" content=\"article\" \/>\n<meta property=\"og:title\" content=\"ParkujGo parking ceny - cenu. Prv\u00fd de\u0148 10 PLN\" \/>\n<meta property=\"og:description\" content=\"Parkovanie Balice - Otvoren\u00fd 24\/7 zadarmo a bezpe\u010dne \u2708 prenos $: 0. \u2705 presk\u00faman\u00e1 ve\u013ea.\" \/>\n<meta property=\"og:url\" content=\"https:\/\/parkujgo.pl\/sk\/cennik\/\" \/>\n<meta property=\"og:site_name\" content=\"Balice ParkujGo\" \/>\n<meta property=\"article:modified_time\" content=\"2018-11-07T09:29:17+00:00\" \/>\n<meta name=\"twitter:card\" content=\"summary\" \/>\n<meta name=\"twitter:label1\" content=\"Predpokladan\u00fd \u010das \u010d\u00edtania\" \/>\n\t<meta name=\"twitter:data1\" content=\"1 min\u00fata\" \/>\n<script type=\"application\/ld+json\" class=\"yoast-schema-graph\">{\"@context\":\"https:\/\/schema.org\",\"@graph\":[{\"@type\":\"Organization\",\"@id\":\"https:\/\/parkujgo.pl\/#organization\",\"name\":\"ParkujGo\",\"url\":\"https:\/\/parkujgo.pl\/\",\"sameAs\":[],\"logo\":{\"@type\":\"ImageObject\",\"@id\":\"https:\/\/parkujgo.pl\/#logo\",\"inLanguage\":\"sk-SK\",\"url\":\"https:\/\/parkujgo.pl\/wp-content\/uploads\/2018\/05\/parkujgo-logo.jpg\",\"contentUrl\":\"https:\/\/parkujgo.pl\/wp-content\/uploads\/2018\/05\/parkujgo-logo.jpg\",\"width\":\"44\",\"height\":\"65\",\"caption\":\"ParkujGo\"},\"image\":{\"@id\":\"https:\/\/parkujgo.pl\/#logo\"}},{\"@type\":\"WebSite\",\"@id\":\"https:\/\/parkujgo.pl\/#website\",\"url\":\"https:\/\/parkujgo.pl\/\",\"name\":\"Balice ParkujGo\",\"description\":\"Parkovisko Balice\",\"publisher\":{\"@id\":\"https:\/\/parkujgo.pl\/#organization\"},\"potentialAction\":[{\"@type\":\"SearchAction\",\"target\":{\"@type\":\"EntryPoint\",\"urlTemplate\":\"https:\/\/parkujgo.pl\/?s={search_term_string}\"},\"query-input\":\"required name=search_term_string\"}],\"inLanguage\":\"sk-SK\"},{\"@type\":\"WebPage\",\"@id\":\"https:\/\/parkujgo.pl\/sk\/cennik\/#webpage\",\"url\":\"https:\/\/parkujgo.pl\/sk\/cennik\/\",\"name\":\"ParkujGo parking ceny - cenu. Prv\\u00fd de\\u0148 10 PLN\",\"isPartOf\":{\"@id\":\"https:\/\/parkujgo.pl\/#website\"},\"datePublished\":\"2017-09-01T09:50:47+00:00\",\"dateModified\":\"2018-11-07T09:29:17+00:00\",\"description\":\"Parkovanie Balice - Otvoren\\u00fd 24\/7 zadarmo a bezpe\\u010dne \\u2708 prenos $: 0. \\u2705 presk\\u00faman\\u00e1 ve\\u013ea.\",\"breadcrumb\":{\"@id\":\"https:\/\/parkujgo.pl\/sk\/cennik\/#breadcrumb\"},\"inLanguage\":\"sk-SK\",\"potentialAction\":[{\"@type\":\"ReadAction\",\"target\":[\"https:\/\/parkujgo.pl\/sk\/cennik\/\"]}]},{\"@type\":\"BreadcrumbList\",\"@id\":\"https:\/\/parkujgo.pl\/sk\/cennik\/#breadcrumb\",\"itemListElement\":[{\"@type\":\"ListItem\",\"position\":1,\"name\":\"Strona g\\u0142\\u00f3wna\",\"item\":\"https:\/\/parkujgo.pl\/sk\/\"},{\"@type\":\"ListItem\",\"position\":2,\"name\":\"Cenn\\u00edk\"}]}]}<\/script>\n<!-- \/ Yoast SEO plugin. -->","yoast_head_json":{"title":"ParkujGo parking ceny - cenu. Prv\u00fd de\u0148 10 PLN","description":"Parkovanie Balice - Otvoren\u00fd 24\/7 zadarmo a bezpe\u010dne \u2708 prenos $: 0. \u2705 presk\u00faman\u00e1 ve\u013ea.","robots":{"index":"index","follow":"follow","max-snippet":"max-snippet:-1","max-image-preview":"max-image-preview:large","max-video-preview":"max-video-preview:-1"},"canonical":"https:\/\/parkujgo.pl\/sk\/cennik\/","og_locale":"sk_SK","og_type":"article","og_title":"ParkujGo parking ceny - cenu. Prv\u00fd de\u0148 10 PLN","og_description":"Parkovanie Balice - Otvoren\u00fd 24\/7 zadarmo a bezpe\u010dne \u2708 prenos $: 0. \u2705 presk\u00faman\u00e1 ve\u013ea.","og_url":"https:\/\/parkujgo.pl\/sk\/cennik\/","og_site_name":"Balice ParkujGo","article_modified_time":"2018-11-07T09:29:17+00:00","twitter_card":"summary","twitter_misc":{"Predpokladan\u00fd \u010das \u010d\u00edtania":"1 min\u00fata"},"schema":{"@context":"https:\/\/schema.org","@graph":[{"@type":"Organization","@id":"https:\/\/parkujgo.pl\/#organization","name":"ParkujGo","url":"https:\/\/parkujgo.pl\/","sameAs":[],"logo":{"@type":"ImageObject","@id":"https:\/\/parkujgo.pl\/#logo","inLanguage":"sk-SK","url":"https:\/\/parkujgo.pl\/wp-content\/uploads\/2018\/05\/parkujgo-logo.jpg","contentUrl":"https:\/\/parkujgo.pl\/wp-content\/uploads\/2018\/05\/parkujgo-logo.jpg","width":"44","height":"65","caption":"ParkujGo"},"image":{"@id":"https:\/\/parkujgo.pl\/#logo"}},{"@type":"WebSite","@id":"https:\/\/parkujgo.pl\/#website","url":"https:\/\/parkujgo.pl\/","name":"Balice ParkujGo","description":"Parkovisko Balice","publisher":{"@id":"https:\/\/parkujgo.pl\/#organization"},"potentialAction":[{"@type":"SearchAction","target":{"@type":"EntryPoint","urlTemplate":"https:\/\/parkujgo.pl\/?s={search_term_string}"},"query-input":"required name=search_term_string"}],"inLanguage":"sk-SK"},{"@type":"WebPage","@id":"https:\/\/parkujgo.pl\/sk\/cennik\/#webpage","url":"https:\/\/parkujgo.pl\/sk\/cennik\/","name":"ParkujGo parking ceny - cenu. Prv\u00fd de\u0148 10 PLN","isPartOf":{"@id":"https:\/\/parkujgo.pl\/#website"},"datePublished":"2017-09-01T09:50:47+00:00","dateModified":"2018-11-07T09:29:17+00:00","description":"Parkovanie Balice - Otvoren\u00fd 24\/7 zadarmo a bezpe\u010dne \u2708 prenos $: 0. \u2705 presk\u00faman\u00e1 ve\u013ea.","breadcrumb":{"@id":"https:\/\/parkujgo.pl\/sk\/cennik\/#breadcrumb"},"inLanguage":"sk-SK","potentialAction":[{"@type":"ReadAction","target":["https:\/\/parkujgo.pl\/sk\/cennik\/"]}]},{"@type":"BreadcrumbList","@id":"https:\/\/parkujgo.pl\/sk\/cennik\/#breadcrumb","itemListElement":[{"@type":"ListItem","position":1,"name":"Strona g\u0142\u00f3wna","item":"https:\/\/parkujgo.pl\/sk\/"},{"@type":"ListItem","position":2,"name":"Cenn\u00edk"}]}]}},"_links":{"self":[{"href":"https:\/\/parkujgo.pl\/sk\/wp-json\/wp\/v2\/pages\/605"}],"collection":[{"href":"https:\/\/parkujgo.pl\/sk\/wp-json\/wp\/v2\/pages"}],"about":[{"href":"https:\/\/parkujgo.pl\/sk\/wp-json\/wp\/v2\/types\/page"}],"author":[{"embeddable":true,"href":"https:\/\/parkujgo.pl\/sk\/wp-json\/wp\/v2\/users\/1"}],"replies":[{"embeddable":true,"href":"https:\/\/parkujgo.pl\/sk\/wp-json\/wp\/v2\/comments?post=605"}],"version-history":[{"count":8,"href":"https:\/\/parkujgo.pl\/sk\/wp-json\/wp\/v2\/pages\/605\/revisions"}],"predecessor-version":[{"id":1370,"href":"https:\/\/parkujgo.pl\/sk\/wp-json\/wp\/v2\/pages\/605\/revisions\/1370"}],"wp:attachment":[{"href":"https:\/\/parkujgo.pl\/sk\/wp-json\/wp\/v2\/media?parent=605"}],"curies":[{"name":"wp","href":"https:\/\/api.w.org\/{rel}","templated":true}]}}