{"id":601,"date":"2017-10-02T14:05:57","date_gmt":"2017-10-02T12:05:57","guid":{"rendered":"https:\/\/parkujgo.pl\/?page_id=601\/"},"modified":"2017-10-02T14:13:05","modified_gmt":"2017-10-02T12:13:05","slug":"o-nas","status":"publish","type":"page","link":"https:\/\/parkujgo.pl\/sk\/o-nas\/","title":{"rendered":"O n\u00e1s"},"content":{"rendered":"<p>ParkujGo je dlhodob\u00e9 parkovisko pri letisku v Baliciach pri Krakove. Pon\u00fakame 250 parkovac\u00edch miest na spevnenej  ploche. Parkovisko je oploten\u00e9, 24 hod\u00edn denne str\u00e1\u017een\u00e9, monitorovan\u00e9, poisten\u00e9 a disponuje profesion\u00e1lnym osvetlen\u00edm.<\/p>\n<p>Vzdialenos\u0165 od letiska Krakov Balice k n\u00e1\u0161mu parkovisku je len nie\u010do m\u00e1lo cez jeden kilometer. T\u00fato vzdialenos\u0165 bez probl\u00e9mu prekon\u00e1te, preto\u017ee v\u00e1m v cene parkovania zais\u0165ujeme presun na letisko. Preprava prebieha ihne\u010f potom, \u010do k n\u00e1m doraz\u00edte, a trv\u00e1 maxim\u00e1lne 3 min\u00faty.<\/p>\n<p>Na\u0161im klientom pon\u00fakame \u010do najkomplexnej\u0161ie slu\u017eby. M\u00f4\u017eete u n\u00e1s necha\u0165 svoj automobil, overi\u0165 si, \u010di bato\u017eina neprekra\u010duje povolen\u00fa hmotnos\u0165, vyu\u017ei\u0165 bezplatn\u00fa Wi-Fi a dokonca si i nabi\u0165 elektromobil. V pr\u00edpade probl\u00e9mov s autom v\u00e1m je k dispoz\u00edcii \u0161tartovacie zariadenie a kompresor.<\/p>\n<p>\u010eal\u0161iu prednos\u0165 n\u00e1\u0161ho parkoviska objav\u00edte potom, \u010do si prejdete jeho cenn\u00edk. Bez oh\u013eadu na to, \u010di tu nech\u00e1te svoje auto st\u00e1\u0165 jeden de\u0148 alebo dva t\u00fd\u017edne, zaru\u010dujeme v\u00e1m atrakt\u00edvne ceny. A \u010di tu chcete auto necha\u0165 dlh\u0161ie ne\u017e 30 dn\u00ed, m\u00e1me pre v\u00e1s \u0161peci\u00e1lnu ponuku.<\/p>\n<p>ParkujGo dokazuje, \u017ee parkovanie pri letisku m\u00f4\u017ee by\u0165 bezpe\u010dn\u00e9 a z\u00e1rove\u0148 lacn\u00e9.<\/p>\n","protected":false},"excerpt":{"rendered":"<p>ParkujGo je dlhodob\u00e9 parkovisko pri letisku v Baliciach pri Krakove. Pon\u00fakame 250 parkovac\u00edch miest na spevnenej ploche. Parkovisko je oploten\u00e9, 24 hod\u00edn denne str\u00e1\u017een\u00e9, monitorovan\u00e9, poisten\u00e9 a disponuje profesion\u00e1lnym osvetlen\u00edm. Vzdialenos\u0165 od letiska Krakov Balice k n\u00e1\u0161mu parkovisku je len nie\u010do m\u00e1lo cez jeden kilometer. T\u00fato vzdialenos\u0165 bez probl\u00e9mu prekon\u00e1te, preto\u017ee v\u00e1m v cene parkovania [&hellip;]<\/p>\n","protected":false},"author":1,"featured_media":0,"parent":0,"menu_order":8,"comment_status":"closed","ping_status":"open","template":"_about-us.php","meta":[],"yoast_head":"<!-- This site is optimized with the Yoast SEO plugin v17.5 - https:\/\/yoast.com\/wordpress\/plugins\/seo\/ -->\n<title>O n\u00e1s | Balice ParkujGo<\/title>\n<meta name=\"robots\" content=\"index, follow, max-snippet:-1, max-image-preview:large, max-video-preview:-1\" \/>\n<link rel=\"canonical\" href=\"https:\/\/parkujgo.pl\/sk\/o-nas\/\" \/>\n<meta property=\"og:locale\" content=\"sk_SK\" \/>\n<meta property=\"og:type\" content=\"article\" \/>\n<meta property=\"og:title\" content=\"O n\u00e1s | Balice ParkujGo\" \/>\n<meta property=\"og:description\" content=\"ParkujGo je dlhodob\u00e9 parkovisko pri letisku v Baliciach pri Krakove. Pon\u00fakame 250 parkovac\u00edch miest na spevnenej ploche. Parkovisko je oploten\u00e9, 24 hod\u00edn denne str\u00e1\u017een\u00e9, monitorovan\u00e9, poisten\u00e9 a disponuje profesion\u00e1lnym osvetlen\u00edm. Vzdialenos\u0165 od letiska Krakov Balice k n\u00e1\u0161mu parkovisku je len nie\u010do m\u00e1lo cez jeden kilometer. T\u00fato vzdialenos\u0165 bez probl\u00e9mu prekon\u00e1te, preto\u017ee v\u00e1m v cene parkovania [&hellip;]\" \/>\n<meta property=\"og:url\" content=\"https:\/\/parkujgo.pl\/sk\/o-nas\/\" \/>\n<meta property=\"og:site_name\" content=\"Balice ParkujGo\" \/>\n<meta property=\"article:modified_time\" content=\"2017-10-02T12:13:05+00:00\" \/>\n<meta name=\"twitter:card\" content=\"summary\" \/>\n<meta name=\"twitter:label1\" content=\"Predpokladan\u00fd \u010das \u010d\u00edtania\" \/>\n\t<meta name=\"twitter:data1\" content=\"1 min\u00fata\" \/>\n<script type=\"application\/ld+json\" class=\"yoast-schema-graph\">{\"@context\":\"https:\/\/schema.org\",\"@graph\":[{\"@type\":\"Organization\",\"@id\":\"https:\/\/parkujgo.pl\/#organization\",\"name\":\"ParkujGo\",\"url\":\"https:\/\/parkujgo.pl\/\",\"sameAs\":[],\"logo\":{\"@type\":\"ImageObject\",\"@id\":\"https:\/\/parkujgo.pl\/#logo\",\"inLanguage\":\"sk-SK\",\"url\":\"https:\/\/parkujgo.pl\/wp-content\/uploads\/2018\/05\/parkujgo-logo.jpg\",\"contentUrl\":\"https:\/\/parkujgo.pl\/wp-content\/uploads\/2018\/05\/parkujgo-logo.jpg\",\"width\":\"44\",\"height\":\"65\",\"caption\":\"ParkujGo\"},\"image\":{\"@id\":\"https:\/\/parkujgo.pl\/#logo\"}},{\"@type\":\"WebSite\",\"@id\":\"https:\/\/parkujgo.pl\/#website\",\"url\":\"https:\/\/parkujgo.pl\/\",\"name\":\"Balice ParkujGo\",\"description\":\"Parkovisko Balice\",\"publisher\":{\"@id\":\"https:\/\/parkujgo.pl\/#organization\"},\"potentialAction\":[{\"@type\":\"SearchAction\",\"target\":{\"@type\":\"EntryPoint\",\"urlTemplate\":\"https:\/\/parkujgo.pl\/?s={search_term_string}\"},\"query-input\":\"required name=search_term_string\"}],\"inLanguage\":\"sk-SK\"},{\"@type\":\"WebPage\",\"@id\":\"https:\/\/parkujgo.pl\/sk\/o-nas\/#webpage\",\"url\":\"https:\/\/parkujgo.pl\/sk\/o-nas\/\",\"name\":\"O n\\u00e1s | Balice ParkujGo\",\"isPartOf\":{\"@id\":\"https:\/\/parkujgo.pl\/#website\"},\"datePublished\":\"2017-10-02T12:05:57+00:00\",\"dateModified\":\"2017-10-02T12:13:05+00:00\",\"breadcrumb\":{\"@id\":\"https:\/\/parkujgo.pl\/sk\/o-nas\/#breadcrumb\"},\"inLanguage\":\"sk-SK\",\"potentialAction\":[{\"@type\":\"ReadAction\",\"target\":[\"https:\/\/parkujgo.pl\/sk\/o-nas\/\"]}]},{\"@type\":\"BreadcrumbList\",\"@id\":\"https:\/\/parkujgo.pl\/sk\/o-nas\/#breadcrumb\",\"itemListElement\":[{\"@type\":\"ListItem\",\"position\":1,\"name\":\"Strona g\\u0142\\u00f3wna\",\"item\":\"https:\/\/parkujgo.pl\/sk\/\"},{\"@type\":\"ListItem\",\"position\":2,\"name\":\"O n\\u00e1s\"}]}]}<\/script>\n<!-- \/ Yoast SEO plugin. -->","yoast_head_json":{"title":"O n\u00e1s | Balice ParkujGo","robots":{"index":"index","follow":"follow","max-snippet":"max-snippet:-1","max-image-preview":"max-image-preview:large","max-video-preview":"max-video-preview:-1"},"canonical":"https:\/\/parkujgo.pl\/sk\/o-nas\/","og_locale":"sk_SK","og_type":"article","og_title":"O n\u00e1s | Balice ParkujGo","og_description":"ParkujGo je dlhodob\u00e9 parkovisko pri letisku v Baliciach pri Krakove. Pon\u00fakame 250 parkovac\u00edch miest na spevnenej ploche. Parkovisko je oploten\u00e9, 24 hod\u00edn denne str\u00e1\u017een\u00e9, monitorovan\u00e9, poisten\u00e9 a disponuje profesion\u00e1lnym osvetlen\u00edm. Vzdialenos\u0165 od letiska Krakov Balice k n\u00e1\u0161mu parkovisku je len nie\u010do m\u00e1lo cez jeden kilometer. T\u00fato vzdialenos\u0165 bez probl\u00e9mu prekon\u00e1te, preto\u017ee v\u00e1m v cene parkovania [&hellip;]","og_url":"https:\/\/parkujgo.pl\/sk\/o-nas\/","og_site_name":"Balice ParkujGo","article_modified_time":"2017-10-02T12:13:05+00:00","twitter_card":"summary","twitter_misc":{"Predpokladan\u00fd \u010das \u010d\u00edtania":"1 min\u00fata"},"schema":{"@context":"https:\/\/schema.org","@graph":[{"@type":"Organization","@id":"https:\/\/parkujgo.pl\/#organization","name":"ParkujGo","url":"https:\/\/parkujgo.pl\/","sameAs":[],"logo":{"@type":"ImageObject","@id":"https:\/\/parkujgo.pl\/#logo","inLanguage":"sk-SK","url":"https:\/\/parkujgo.pl\/wp-content\/uploads\/2018\/05\/parkujgo-logo.jpg","contentUrl":"https:\/\/parkujgo.pl\/wp-content\/uploads\/2018\/05\/parkujgo-logo.jpg","width":"44","height":"65","caption":"ParkujGo"},"image":{"@id":"https:\/\/parkujgo.pl\/#logo"}},{"@type":"WebSite","@id":"https:\/\/parkujgo.pl\/#website","url":"https:\/\/parkujgo.pl\/","name":"Balice ParkujGo","description":"Parkovisko Balice","publisher":{"@id":"https:\/\/parkujgo.pl\/#organization"},"potentialAction":[{"@type":"SearchAction","target":{"@type":"EntryPoint","urlTemplate":"https:\/\/parkujgo.pl\/?s={search_term_string}"},"query-input":"required name=search_term_string"}],"inLanguage":"sk-SK"},{"@type":"WebPage","@id":"https:\/\/parkujgo.pl\/sk\/o-nas\/#webpage","url":"https:\/\/parkujgo.pl\/sk\/o-nas\/","name":"O n\u00e1s | Balice ParkujGo","isPartOf":{"@id":"https:\/\/parkujgo.pl\/#website"},"datePublished":"2017-10-02T12:05:57+00:00","dateModified":"2017-10-02T12:13:05+00:00","breadcrumb":{"@id":"https:\/\/parkujgo.pl\/sk\/o-nas\/#breadcrumb"},"inLanguage":"sk-SK","potentialAction":[{"@type":"ReadAction","target":["https:\/\/parkujgo.pl\/sk\/o-nas\/"]}]},{"@type":"BreadcrumbList","@id":"https:\/\/parkujgo.pl\/sk\/o-nas\/#breadcrumb","itemListElement":[{"@type":"ListItem","position":1,"name":"Strona g\u0142\u00f3wna","item":"https:\/\/parkujgo.pl\/sk\/"},{"@type":"ListItem","position":2,"name":"O n\u00e1s"}]}]}},"_links":{"self":[{"href":"https:\/\/parkujgo.pl\/sk\/wp-json\/wp\/v2\/pages\/601"}],"collection":[{"href":"https:\/\/parkujgo.pl\/sk\/wp-json\/wp\/v2\/pages"}],"about":[{"href":"https:\/\/parkujgo.pl\/sk\/wp-json\/wp\/v2\/types\/page"}],"author":[{"embeddable":true,"href":"https:\/\/parkujgo.pl\/sk\/wp-json\/wp\/v2\/users\/1"}],"replies":[{"embeddable":true,"href":"https:\/\/parkujgo.pl\/sk\/wp-json\/wp\/v2\/comments?post=601"}],"version-history":[{"count":2,"href":"https:\/\/parkujgo.pl\/sk\/wp-json\/wp\/v2\/pages\/601\/revisions"}],"predecessor-version":[{"id":615,"href":"https:\/\/parkujgo.pl\/sk\/wp-json\/wp\/v2\/pages\/601\/revisions\/615"}],"wp:attachment":[{"href":"https:\/\/parkujgo.pl\/sk\/wp-json\/wp\/v2\/media?parent=601"}],"curies":[{"name":"wp","href":"https:\/\/api.w.org\/{rel}","templated":true}]}}