{"id":599,"date":"2017-10-02T14:05:31","date_gmt":"2017-10-02T12:05:31","guid":{"rendered":"https:\/\/parkujgo.pl\/?page_id=599\/"},"modified":"2017-12-12T10:03:09","modified_gmt":"2017-12-12T09:03:09","slug":"hlavna-stranka","status":"publish","type":"page","link":"https:\/\/parkujgo.pl\/sk\/","title":{"rendered":"Hlavn\u00e1 str\u00e1nka"},"content":{"rendered":"<p>H\u013ead\u00e1te lacn\u00e9, bezpe\u010dn\u00e9 a dlhodob\u00e9 parkovisko pri letisku v Baliciach? Tak\u00e9, ktor\u00e9 zais\u0165uje slu\u017eby na najvy\u0161\u0161ej \u00farovni? Ste tu spr\u00e1vne. Pon\u00fakame v\u00e1m parkovacie miesto na profesion\u00e1lne spevnenej ploche a zais\u0165ujeme celodenn\u00fa ochranu v podobe dozoru, monitorovania a poistenia. Pre\u010do sa vyplat\u00ed vyu\u017ei\u0165 na\u0161e slu\u017eby?<\/p>\n<h3>ParkujGo Parking Balice \u2013 n\u00e1zory z\u00e1kazn\u00edkov<\/h3>\n<p>\u00dapln\u00e1 v\u00e4\u010d\u0161ina z\u00e1kazn\u00edkov je s na\u0161\u00edm parkoviskom plne spokojn\u00e1. \u010co je pre nich d\u00f4le\u017eit\u00e9?<\/p>\n<ul>\n<li>Ve\u013emi r\u00fdchly, celodenn\u00fd a bezplatn\u00fd presun na letisko Balice.<\/li>\n<li>Pohodln\u00e1 on-line rezerv\u00e1cia.<\/li>\n<li>Mil\u00e1, n\u00e1pomocn\u00e1 obsluha na vysokej \u00farovni.<\/li>\n<li>Dobr\u00fd povrch parkoviska.<\/li>\n<li>Ve\u013emi priazniv\u00fd pomer ceny a kvality.<\/li>\n<\/ul>\n<p>To ale nie je v\u0161etko, preto\u017ee zais\u0165ujeme tie\u017e mnoho doplnkov\u00fdch slu\u017eieb, ako napr. mo\u017enos\u0165 vyu\u017ei\u0165 v\u00e1hu na bato\u017einu, zabezpe\u010denie kufrov alebo pomoc s rie\u0161en\u00edm typick\u00fdch probl\u00e9mov s autom, ako je napr. vybit\u00fd akumul\u00e1tor. Pokia\u013e chcete spozna\u0165 v\u0161etky n\u00e1zory na\u0161ich z\u00e1kazn\u00edkov, poz\u00fdvame na str\u00e1nku \u201eO n\u00e1s\u201c.<\/p>\n<h3>Parkovisko Balice \u2013 lacn\u00e1 a pohodln\u00e1 alternat\u00edva<\/h3>\n<p>Na\u0161e parkovisko Balice pou\u017e\u00edvaj\u00fa osoby, ktor\u00e9 sa vyd\u00e1vaj\u00fa na dlh\u0161iu pr\u00e1zdninov\u00fa cestu, a t\u00ed, ktor\u00ed volia tuzemsk\u00e9 lety a nech\u00e1vaj\u00fa tu auto na jeden alebo dva dni. Pokia\u013e chcete pohodlne d\u00f4js\u0165 z centra Krakova na letisko Balice je cena jazdy tax\u00edkom v oboch smeroch cca 100 \u2013 140 PLN. A zanechanie auta na jeden de\u0148 na na\u0161om parkovisku v Baliciach stoj\u00ed 10 PLN. Rovnako tak sa vyu\u017eitie parkoviska vyplat\u00ed, ke\u010f vyr\u00e1\u017eame na t\u00fd\u017edenn\u00fd alebo dvojt\u00fd\u017ed\u0148ov\u00fd z\u00e1jazd, preto\u017ee aj potom <strong>za parkovacie miesto zaplat\u00edme menej ne\u017e za jazdu tax\u00edkom na letisko Balice<\/strong> a sp\u00e4\u0165 do centra mesta.<\/p>\n","protected":false},"excerpt":{"rendered":"<p>H\u013ead\u00e1te lacn\u00e9, bezpe\u010dn\u00e9 a dlhodob\u00e9 parkovisko pri letisku v Baliciach? Tak\u00e9, ktor\u00e9 zais\u0165uje slu\u017eby na najvy\u0161\u0161ej \u00farovni? Ste tu spr\u00e1vne. Pon\u00fakame v\u00e1m parkovacie miesto na profesion\u00e1lne spevnenej ploche a zais\u0165ujeme celodenn\u00fa ochranu v podobe dozoru, monitorovania a poistenia. Pre\u010do sa vyplat\u00ed vyu\u017ei\u0165 na\u0161e slu\u017eby? ParkujGo Parking Balice \u2013 n\u00e1zory z\u00e1kazn\u00edkov \u00dapln\u00e1 v\u00e4\u010d\u0161ina z\u00e1kazn\u00edkov je s [&hellip;]<\/p>\n","protected":false},"author":1,"featured_media":0,"parent":0,"menu_order":10,"comment_status":"closed","ping_status":"closed","template":"","meta":[],"yoast_head":"<!-- This site is optimized with the Yoast SEO plugin v17.5 - https:\/\/yoast.com\/wordpress\/plugins\/seo\/ -->\n<title>Hlavn\u00e1 str\u00e1nka | Balice ParkujGo<\/title>\n<meta name=\"robots\" content=\"index, follow, max-snippet:-1, max-image-preview:large, max-video-preview:-1\" \/>\n<link rel=\"canonical\" href=\"https:\/\/parkujgo.pl\/sk\/\" \/>\n<meta property=\"og:locale\" content=\"sk_SK\" \/>\n<meta property=\"og:type\" content=\"article\" \/>\n<meta property=\"og:title\" content=\"Hlavn\u00e1 str\u00e1nka | Balice ParkujGo\" \/>\n<meta property=\"og:description\" content=\"H\u013ead\u00e1te lacn\u00e9, bezpe\u010dn\u00e9 a dlhodob\u00e9 parkovisko pri letisku v Baliciach? Tak\u00e9, ktor\u00e9 zais\u0165uje slu\u017eby na najvy\u0161\u0161ej \u00farovni? Ste tu spr\u00e1vne. Pon\u00fakame v\u00e1m parkovacie miesto na profesion\u00e1lne spevnenej ploche a zais\u0165ujeme celodenn\u00fa ochranu v podobe dozoru, monitorovania a poistenia. Pre\u010do sa vyplat\u00ed vyu\u017ei\u0165 na\u0161e slu\u017eby? ParkujGo Parking Balice \u2013 n\u00e1zory z\u00e1kazn\u00edkov \u00dapln\u00e1 v\u00e4\u010d\u0161ina z\u00e1kazn\u00edkov je s [&hellip;]\" \/>\n<meta property=\"og:url\" content=\"https:\/\/parkujgo.pl\/sk\/\" \/>\n<meta property=\"og:site_name\" content=\"Balice ParkujGo\" \/>\n<meta property=\"article:modified_time\" content=\"2017-12-12T09:03:09+00:00\" \/>\n<meta name=\"twitter:card\" content=\"summary\" \/>\n<meta name=\"twitter:label1\" content=\"Predpokladan\u00fd \u010das \u010d\u00edtania\" \/>\n\t<meta name=\"twitter:data1\" content=\"2 min\u00faty\" \/>\n<script type=\"application\/ld+json\" class=\"yoast-schema-graph\">{\"@context\":\"https:\/\/schema.org\",\"@graph\":[{\"@type\":\"Organization\",\"@id\":\"https:\/\/parkujgo.pl\/#organization\",\"name\":\"ParkujGo\",\"url\":\"https:\/\/parkujgo.pl\/\",\"sameAs\":[],\"logo\":{\"@type\":\"ImageObject\",\"@id\":\"https:\/\/parkujgo.pl\/#logo\",\"inLanguage\":\"sk-SK\",\"url\":\"https:\/\/parkujgo.pl\/wp-content\/uploads\/2018\/05\/parkujgo-logo.jpg\",\"contentUrl\":\"https:\/\/parkujgo.pl\/wp-content\/uploads\/2018\/05\/parkujgo-logo.jpg\",\"width\":\"44\",\"height\":\"65\",\"caption\":\"ParkujGo\"},\"image\":{\"@id\":\"https:\/\/parkujgo.pl\/#logo\"}},{\"@type\":\"WebSite\",\"@id\":\"https:\/\/parkujgo.pl\/#website\",\"url\":\"https:\/\/parkujgo.pl\/\",\"name\":\"Balice ParkujGo\",\"description\":\"Parkovisko Balice\",\"publisher\":{\"@id\":\"https:\/\/parkujgo.pl\/#organization\"},\"potentialAction\":[{\"@type\":\"SearchAction\",\"target\":{\"@type\":\"EntryPoint\",\"urlTemplate\":\"https:\/\/parkujgo.pl\/?s={search_term_string}\"},\"query-input\":\"required name=search_term_string\"}],\"inLanguage\":\"sk-SK\"},{\"@type\":\"WebPage\",\"@id\":\"https:\/\/parkujgo.pl\/sk\/#webpage\",\"url\":\"https:\/\/parkujgo.pl\/sk\/\",\"name\":\"Hlavn\\u00e1 str\\u00e1nka | Balice ParkujGo\",\"isPartOf\":{\"@id\":\"https:\/\/parkujgo.pl\/#website\"},\"datePublished\":\"2017-10-02T12:05:31+00:00\",\"dateModified\":\"2017-12-12T09:03:09+00:00\",\"breadcrumb\":{\"@id\":\"https:\/\/parkujgo.pl\/sk\/#breadcrumb\"},\"inLanguage\":\"sk-SK\",\"potentialAction\":[{\"@type\":\"ReadAction\",\"target\":[\"https:\/\/parkujgo.pl\/sk\/\"]}]},{\"@type\":\"BreadcrumbList\",\"@id\":\"https:\/\/parkujgo.pl\/sk\/#breadcrumb\",\"itemListElement\":[{\"@type\":\"ListItem\",\"position\":1,\"name\":\"Strona g\\u0142\\u00f3wna\",\"item\":\"https:\/\/parkujgo.pl\/sk\/\"},{\"@type\":\"ListItem\",\"position\":2,\"name\":\"Hlavn\\u00e1 str\\u00e1nka\"}]}]}<\/script>\n<!-- \/ Yoast SEO plugin. -->","yoast_head_json":{"title":"Hlavn\u00e1 str\u00e1nka | Balice ParkujGo","robots":{"index":"index","follow":"follow","max-snippet":"max-snippet:-1","max-image-preview":"max-image-preview:large","max-video-preview":"max-video-preview:-1"},"canonical":"https:\/\/parkujgo.pl\/sk\/","og_locale":"sk_SK","og_type":"article","og_title":"Hlavn\u00e1 str\u00e1nka | Balice ParkujGo","og_description":"H\u013ead\u00e1te lacn\u00e9, bezpe\u010dn\u00e9 a dlhodob\u00e9 parkovisko pri letisku v Baliciach? Tak\u00e9, ktor\u00e9 zais\u0165uje slu\u017eby na najvy\u0161\u0161ej \u00farovni? Ste tu spr\u00e1vne. Pon\u00fakame v\u00e1m parkovacie miesto na profesion\u00e1lne spevnenej ploche a zais\u0165ujeme celodenn\u00fa ochranu v podobe dozoru, monitorovania a poistenia. Pre\u010do sa vyplat\u00ed vyu\u017ei\u0165 na\u0161e slu\u017eby? ParkujGo Parking Balice \u2013 n\u00e1zory z\u00e1kazn\u00edkov \u00dapln\u00e1 v\u00e4\u010d\u0161ina z\u00e1kazn\u00edkov je s [&hellip;]","og_url":"https:\/\/parkujgo.pl\/sk\/","og_site_name":"Balice ParkujGo","article_modified_time":"2017-12-12T09:03:09+00:00","twitter_card":"summary","twitter_misc":{"Predpokladan\u00fd \u010das \u010d\u00edtania":"2 min\u00faty"},"schema":{"@context":"https:\/\/schema.org","@graph":[{"@type":"Organization","@id":"https:\/\/parkujgo.pl\/#organization","name":"ParkujGo","url":"https:\/\/parkujgo.pl\/","sameAs":[],"logo":{"@type":"ImageObject","@id":"https:\/\/parkujgo.pl\/#logo","inLanguage":"sk-SK","url":"https:\/\/parkujgo.pl\/wp-content\/uploads\/2018\/05\/parkujgo-logo.jpg","contentUrl":"https:\/\/parkujgo.pl\/wp-content\/uploads\/2018\/05\/parkujgo-logo.jpg","width":"44","height":"65","caption":"ParkujGo"},"image":{"@id":"https:\/\/parkujgo.pl\/#logo"}},{"@type":"WebSite","@id":"https:\/\/parkujgo.pl\/#website","url":"https:\/\/parkujgo.pl\/","name":"Balice ParkujGo","description":"Parkovisko Balice","publisher":{"@id":"https:\/\/parkujgo.pl\/#organization"},"potentialAction":[{"@type":"SearchAction","target":{"@type":"EntryPoint","urlTemplate":"https:\/\/parkujgo.pl\/?s={search_term_string}"},"query-input":"required name=search_term_string"}],"inLanguage":"sk-SK"},{"@type":"WebPage","@id":"https:\/\/parkujgo.pl\/sk\/#webpage","url":"https:\/\/parkujgo.pl\/sk\/","name":"Hlavn\u00e1 str\u00e1nka | Balice ParkujGo","isPartOf":{"@id":"https:\/\/parkujgo.pl\/#website"},"datePublished":"2017-10-02T12:05:31+00:00","dateModified":"2017-12-12T09:03:09+00:00","breadcrumb":{"@id":"https:\/\/parkujgo.pl\/sk\/#breadcrumb"},"inLanguage":"sk-SK","potentialAction":[{"@type":"ReadAction","target":["https:\/\/parkujgo.pl\/sk\/"]}]},{"@type":"BreadcrumbList","@id":"https:\/\/parkujgo.pl\/sk\/#breadcrumb","itemListElement":[{"@type":"ListItem","position":1,"name":"Strona g\u0142\u00f3wna","item":"https:\/\/parkujgo.pl\/sk\/"},{"@type":"ListItem","position":2,"name":"Hlavn\u00e1 str\u00e1nka"}]}]}},"_links":{"self":[{"href":"https:\/\/parkujgo.pl\/sk\/wp-json\/wp\/v2\/pages\/599"}],"collection":[{"href":"https:\/\/parkujgo.pl\/sk\/wp-json\/wp\/v2\/pages"}],"about":[{"href":"https:\/\/parkujgo.pl\/sk\/wp-json\/wp\/v2\/types\/page"}],"author":[{"embeddable":true,"href":"https:\/\/parkujgo.pl\/sk\/wp-json\/wp\/v2\/users\/1"}],"replies":[{"embeddable":true,"href":"https:\/\/parkujgo.pl\/sk\/wp-json\/wp\/v2\/comments?post=599"}],"version-history":[{"count":5,"href":"https:\/\/parkujgo.pl\/sk\/wp-json\/wp\/v2\/pages\/599\/revisions"}],"predecessor-version":[{"id":1038,"href":"https:\/\/parkujgo.pl\/sk\/wp-json\/wp\/v2\/pages\/599\/revisions\/1038"}],"wp:attachment":[{"href":"https:\/\/parkujgo.pl\/sk\/wp-json\/wp\/v2\/media?parent=599"}],"curies":[{"name":"wp","href":"https:\/\/api.w.org\/{rel}","templated":true}]}}