{"id":43,"date":"2017-09-07T09:15:00","date_gmt":"2017-09-07T07:15:00","guid":{"rendered":"https:\/\/parkujgo.pl\/?page_id=43\/"},"modified":"2017-10-11T11:45:54","modified_gmt":"2017-10-11T09:45:54","slug":"how-to-find-us","status":"publish","type":"page","link":"https:\/\/parkujgo.pl\/en\/how-to-find-us\/","title":{"rendered":"How to find us?"},"content":{"rendered":"<p>The easiest way to our car park is by exiting Krak\u00f3w ring-road in the direction of Zabierz\u00f3w. When travelling the motorway from Rzesz\u00f3w to Katowice, leave at &#8220;Balice&#8221; exit, and Parking lot after signs in the direction of Zabierz\u00f3w.<\/p>\n<p>The distance from the motorway exit to the car park is about 1 km \u2014 you will find us in Szczyglice, at Krakowska 64 Street (corner of Stanis\u0142awa Kmity Street).<\/p>\n<p>To get to us, you can also use GPS navigation (coordinates: LAT: 50.0859741 LON: 19.8098080) or Google Maps (just enter the name of the car park \u2014 ParkujGo \u2014 or our address \u2014 ul. Krakowska 64, 32-083 Szczyglice; or <a href=\"https:\/\/www.google.com\/maps\/place\/ParkujGo.pl+Parking+Lotnisko+Krak%C3%B3w+Balice\/@50.0859741,19.8076193,17z\/data=!4m13!1m7!3m6!1s0x471658e26df0ab51:0x94e7c057b6bcc4a1!2sKrakowska+64,+32-083+Szczyglice,+Polska!3b1!8m2!3d50.0859741!4d19.809808!3m4!1s0x0:0x985110e7a3603196!8m2!3d50.085862!4d19.8094326?hl=pl\" rel=\"nofollow\">click this link<\/a>).<\/p>\n<h2>Driving directions to the car park from the side of Rzeszow (from A4 road)<\/h2>\n<p><iframe width=\"560\" height=\"315\" src=\"https:\/\/www.youtube.com\/embed\/Kw5a8tir0tQ?rel=0\" frameborder=\"0\" allowfullscreen><\/iframe><\/p>\n<h2>Route to the car park from the Katowice side (A4 road)<\/h2>\n<p><iframe width=\"560\" height=\"315\" src=\"https:\/\/www.youtube.com\/embed\/7VnCeckwzps?rel=0\" frameborder=\"0\" allowfullscreen><\/iframe><\/p>\n","protected":false},"excerpt":{"rendered":"<p>The easiest way to our car park is by exiting Krak\u00f3w ring-road in the direction of Zabierz\u00f3w. When travelling the motorway from Rzesz\u00f3w to Katowice, leave at &#8220;Balice&#8221; exit, and Parking lot after signs in the direction of Zabierz\u00f3w. The distance from the motorway exit to the car park is about 1 km \u2014 you [&hellip;]<\/p>\n","protected":false},"author":1,"featured_media":0,"parent":0,"menu_order":3,"comment_status":"closed","ping_status":"closed","template":"jak_dojechac_template.php","meta":[],"yoast_head":"<!-- This site is optimized with the Yoast SEO plugin v17.5 - https:\/\/yoast.com\/wordpress\/plugins\/seo\/ -->\n<title>How to get to the parking lot ParkujGo Krakow Balice?<\/title>\n<meta name=\"description\" content=\"Check how easy it is to get to us. Leave the car and we will take you to the terminal as well as we will pick you up if you let us know.\" \/>\n<meta name=\"robots\" content=\"index, follow, max-snippet:-1, max-image-preview:large, max-video-preview:-1\" \/>\n<link rel=\"canonical\" href=\"https:\/\/parkujgo.pl\/en\/how-to-find-us\/\" \/>\n<meta property=\"og:locale\" content=\"en_US\" \/>\n<meta property=\"og:type\" content=\"article\" \/>\n<meta property=\"og:title\" content=\"How to get to the parking lot ParkujGo Krakow Balice?\" \/>\n<meta property=\"og:description\" content=\"Check how easy it is to get to us. Leave the car and we will take you to the terminal as well as we will pick you up if you let us know.\" \/>\n<meta property=\"og:url\" content=\"https:\/\/parkujgo.pl\/en\/how-to-find-us\/\" \/>\n<meta property=\"og:site_name\" content=\"Balice ParkujGo\" \/>\n<meta property=\"article:modified_time\" content=\"2017-10-11T09:45:54+00:00\" \/>\n<meta name=\"twitter:card\" content=\"summary\" \/>\n<meta name=\"twitter:label1\" content=\"Est. reading time\" \/>\n\t<meta name=\"twitter:data1\" content=\"1 minute\" \/>\n<script type=\"application\/ld+json\" class=\"yoast-schema-graph\">{\"@context\":\"https:\/\/schema.org\",\"@graph\":[{\"@type\":\"Organization\",\"@id\":\"https:\/\/parkujgo.pl\/#organization\",\"name\":\"ParkujGo\",\"url\":\"https:\/\/parkujgo.pl\/\",\"sameAs\":[],\"logo\":{\"@type\":\"ImageObject\",\"@id\":\"https:\/\/parkujgo.pl\/#logo\",\"inLanguage\":\"en-US\",\"url\":\"https:\/\/parkujgo.pl\/wp-content\/uploads\/2018\/05\/parkujgo-logo.jpg\",\"contentUrl\":\"https:\/\/parkujgo.pl\/wp-content\/uploads\/2018\/05\/parkujgo-logo.jpg\",\"width\":\"44\",\"height\":\"65\",\"caption\":\"ParkujGo\"},\"image\":{\"@id\":\"https:\/\/parkujgo.pl\/#logo\"}},{\"@type\":\"WebSite\",\"@id\":\"https:\/\/parkujgo.pl\/#website\",\"url\":\"https:\/\/parkujgo.pl\/\",\"name\":\"Balice ParkujGo\",\"description\":\"Balice Car Park\",\"publisher\":{\"@id\":\"https:\/\/parkujgo.pl\/#organization\"},\"potentialAction\":[{\"@type\":\"SearchAction\",\"target\":{\"@type\":\"EntryPoint\",\"urlTemplate\":\"https:\/\/parkujgo.pl\/?s={search_term_string}\"},\"query-input\":\"required name=search_term_string\"}],\"inLanguage\":\"en-US\"},{\"@type\":\"WebPage\",\"@id\":\"https:\/\/parkujgo.pl\/en\/how-to-find-us\/#webpage\",\"url\":\"https:\/\/parkujgo.pl\/en\/how-to-find-us\/\",\"name\":\"How to get to the parking lot ParkujGo Krakow Balice?\",\"isPartOf\":{\"@id\":\"https:\/\/parkujgo.pl\/#website\"},\"datePublished\":\"2017-09-07T07:15:00+00:00\",\"dateModified\":\"2017-10-11T09:45:54+00:00\",\"description\":\"Check how easy it is to get to us. Leave the car and we will take you to the terminal as well as we will pick you up if you let us know.\",\"breadcrumb\":{\"@id\":\"https:\/\/parkujgo.pl\/en\/how-to-find-us\/#breadcrumb\"},\"inLanguage\":\"en-US\",\"potentialAction\":[{\"@type\":\"ReadAction\",\"target\":[\"https:\/\/parkujgo.pl\/en\/how-to-find-us\/\"]}]},{\"@type\":\"BreadcrumbList\",\"@id\":\"https:\/\/parkujgo.pl\/en\/how-to-find-us\/#breadcrumb\",\"itemListElement\":[{\"@type\":\"ListItem\",\"position\":1,\"name\":\"Strona g\\u0142\\u00f3wna\",\"item\":\"https:\/\/parkujgo.pl\/en\/\"},{\"@type\":\"ListItem\",\"position\":2,\"name\":\"How to find us?\"}]}]}<\/script>\n<!-- \/ Yoast SEO plugin. -->","yoast_head_json":{"title":"How to get to the parking lot ParkujGo Krakow Balice?","description":"Check how easy it is to get to us. Leave the car and we will take you to the terminal as well as we will pick you up if you let us know.","robots":{"index":"index","follow":"follow","max-snippet":"max-snippet:-1","max-image-preview":"max-image-preview:large","max-video-preview":"max-video-preview:-1"},"canonical":"https:\/\/parkujgo.pl\/en\/how-to-find-us\/","og_locale":"en_US","og_type":"article","og_title":"How to get to the parking lot ParkujGo Krakow Balice?","og_description":"Check how easy it is to get to us. Leave the car and we will take you to the terminal as well as we will pick you up if you let us know.","og_url":"https:\/\/parkujgo.pl\/en\/how-to-find-us\/","og_site_name":"Balice ParkujGo","article_modified_time":"2017-10-11T09:45:54+00:00","twitter_card":"summary","twitter_misc":{"Est. reading time":"1 minute"},"schema":{"@context":"https:\/\/schema.org","@graph":[{"@type":"Organization","@id":"https:\/\/parkujgo.pl\/#organization","name":"ParkujGo","url":"https:\/\/parkujgo.pl\/","sameAs":[],"logo":{"@type":"ImageObject","@id":"https:\/\/parkujgo.pl\/#logo","inLanguage":"en-US","url":"https:\/\/parkujgo.pl\/wp-content\/uploads\/2018\/05\/parkujgo-logo.jpg","contentUrl":"https:\/\/parkujgo.pl\/wp-content\/uploads\/2018\/05\/parkujgo-logo.jpg","width":"44","height":"65","caption":"ParkujGo"},"image":{"@id":"https:\/\/parkujgo.pl\/#logo"}},{"@type":"WebSite","@id":"https:\/\/parkujgo.pl\/#website","url":"https:\/\/parkujgo.pl\/","name":"Balice ParkujGo","description":"Balice Car Park","publisher":{"@id":"https:\/\/parkujgo.pl\/#organization"},"potentialAction":[{"@type":"SearchAction","target":{"@type":"EntryPoint","urlTemplate":"https:\/\/parkujgo.pl\/?s={search_term_string}"},"query-input":"required name=search_term_string"}],"inLanguage":"en-US"},{"@type":"WebPage","@id":"https:\/\/parkujgo.pl\/en\/how-to-find-us\/#webpage","url":"https:\/\/parkujgo.pl\/en\/how-to-find-us\/","name":"How to get to the parking lot ParkujGo Krakow Balice?","isPartOf":{"@id":"https:\/\/parkujgo.pl\/#website"},"datePublished":"2017-09-07T07:15:00+00:00","dateModified":"2017-10-11T09:45:54+00:00","description":"Check how easy it is to get to us. Leave the car and we will take you to the terminal as well as we will pick you up if you let us know.","breadcrumb":{"@id":"https:\/\/parkujgo.pl\/en\/how-to-find-us\/#breadcrumb"},"inLanguage":"en-US","potentialAction":[{"@type":"ReadAction","target":["https:\/\/parkujgo.pl\/en\/how-to-find-us\/"]}]},{"@type":"BreadcrumbList","@id":"https:\/\/parkujgo.pl\/en\/how-to-find-us\/#breadcrumb","itemListElement":[{"@type":"ListItem","position":1,"name":"Strona g\u0142\u00f3wna","item":"https:\/\/parkujgo.pl\/en\/"},{"@type":"ListItem","position":2,"name":"How to find us?"}]}]}},"_links":{"self":[{"href":"https:\/\/parkujgo.pl\/en\/wp-json\/wp\/v2\/pages\/43"}],"collection":[{"href":"https:\/\/parkujgo.pl\/en\/wp-json\/wp\/v2\/pages"}],"about":[{"href":"https:\/\/parkujgo.pl\/en\/wp-json\/wp\/v2\/types\/page"}],"author":[{"embeddable":true,"href":"https:\/\/parkujgo.pl\/en\/wp-json\/wp\/v2\/users\/1"}],"replies":[{"embeddable":true,"href":"https:\/\/parkujgo.pl\/en\/wp-json\/wp\/v2\/comments?post=43"}],"version-history":[{"count":7,"href":"https:\/\/parkujgo.pl\/en\/wp-json\/wp\/v2\/pages\/43\/revisions"}],"predecessor-version":[{"id":913,"href":"https:\/\/parkujgo.pl\/en\/wp-json\/wp\/v2\/pages\/43\/revisions\/913"}],"wp:attachment":[{"href":"https:\/\/parkujgo.pl\/en\/wp-json\/wp\/v2\/media?parent=43"}],"curies":[{"name":"wp","href":"https:\/\/api.w.org\/{rel}","templated":true}]}}