{"id":635,"date":"2017-10-02T14:44:50","date_gmt":"2017-10-02T12:44:50","guid":{"rendered":"https:\/\/parkujgo.pl\/?page_id=635\/"},"modified":"2017-11-08T13:12:22","modified_gmt":"2017-11-08T12:12:22","slug":"so-kommen-sie-zu-uns","status":"publish","type":"page","link":"https:\/\/parkujgo.pl\/de\/so-kommen-sie-zu-uns\/","title":{"rendered":"So kommen Sie zu uns"},"content":{"rendered":"<p>Unseren Parkplatz erreichen Sie am besten, wenn Sie die Umgehungsstra\u00dfe von Krak\u00f3w Richtung Zabierz\u00f3w verlassen. Wenn sie mit der Autobahn aus Rzesz\u00f3w oder Katowice reisen, nehmen Sie bitte die Ausfahrt &#8222;Balice&#8220; und fahren Sie dann nach den Verkehrszeichen nach Zabierz\u00f3w rechts.<\/p>\n<p>Der Parkplatz liegt circa 1 km von der Autobahnausfahrt \u2013 wir warten auf Sie in Szczyglice, in der Stra\u00dfe Krakowska 64 (an der Ecke der Stra\u00dfe Stanis\u0142awa Kmity).<\/p>\n<p>Sie k\u00f6nnen uns auch mit der GPS-Navigation (Koordinaten: LAT: 50.0859741 LON: 19.8098080) oder mit Google Map erreichen (tippen Sie nur den Namen unseres Parkplatzes \u2013 ParkujGo oder unsere Adresse \u2013 ul. Krakowska 64, 32-083 Szczyglice ein oder <a href=\"https:\/\/www.google.de\/maps\/place\/ParkujGo.pl+Parking+Lotnisko+Krak%C3%B3w+Balice\/@50.0859741,19.8076193,17z\/data=!4m13!1m7!3m6!1s0x471658e26df0ab51:0x94e7c057b6bcc4a1!2sKrakowska+64,+32-083+Szczyglice,+Polska!3b1!8m2!3d50.0859741!4d19.809808!3m4!1s0x0:0x985110e7a3603196!8m2!3d50.085862!4d19.8094326?hl=pl\" rel=\"nofollow\">klicken Sie auf diesen Link<\/a>).<\/p>\n<h2>Wegbeschreibung zum Parkplatz von der Seite von Rzeszow (von der A4 Stra\u00dfe)<\/h2>\n<p><iframe src=\"https:\/\/www.youtube.com\/embed\/Kw5a8tir0tQ?rel=0\" width=\"560\" height=\"315\" frameborder=\"0\" allowfullscreen=\"allowfullscreen\"><\/iframe><\/p>\n<h2>Weg zum Parkplatz von der Katowice-Seite (A4-Stra\u00dfe)<\/h2>\n<p><iframe src=\"https:\/\/www.youtube.com\/embed\/7VnCeckwzps?rel=0\" width=\"560\" height=\"315\" frameborder=\"0\" allowfullscreen=\"allowfullscreen\"><\/iframe><\/p>\n","protected":false},"excerpt":{"rendered":"<p>Unseren Parkplatz erreichen Sie am besten, wenn Sie die Umgehungsstra\u00dfe von Krak\u00f3w Richtung Zabierz\u00f3w verlassen. Wenn sie mit der Autobahn aus Rzesz\u00f3w oder Katowice reisen, nehmen Sie bitte die Ausfahrt &#8222;Balice&#8220; und fahren Sie dann nach den Verkehrszeichen nach Zabierz\u00f3w rechts. Der Parkplatz liegt circa 1 km von der Autobahnausfahrt \u2013 wir warten auf Sie [&hellip;]<\/p>\n","protected":false},"author":1,"featured_media":0,"parent":0,"menu_order":3,"comment_status":"closed","ping_status":"closed","template":"jak_dojechac_template.php","meta":[],"yoast_head":"<!-- This site is optimized with the Yoast SEO plugin v17.5 - https:\/\/yoast.com\/wordpress\/plugins\/seo\/ -->\n<title>Wie kommt man zum Parkplatz ParkujGo Krakow Balice zu bekommen?<\/title>\n<meta name=\"description\" content=\"Finden Sie heraus, wie Sie uns leicht zu erreichen. Lassen Sie das Auto und wir wir nehmen Sie zum Flughafen-Terminal sowie holen Sie, wenn Sie uns ...\" \/>\n<meta name=\"robots\" content=\"index, follow, max-snippet:-1, max-image-preview:large, max-video-preview:-1\" \/>\n<link rel=\"canonical\" href=\"https:\/\/parkujgo.pl\/de\/so-kommen-sie-zu-uns\/\" \/>\n<meta property=\"og:locale\" content=\"de_DE\" \/>\n<meta property=\"og:type\" content=\"article\" \/>\n<meta property=\"og:title\" content=\"Wie kommt man zum Parkplatz ParkujGo Krakow Balice zu bekommen?\" \/>\n<meta property=\"og:description\" content=\"Finden Sie heraus, wie Sie uns leicht zu erreichen. Lassen Sie das Auto und wir wir nehmen Sie zum Flughafen-Terminal sowie holen Sie, wenn Sie uns ...\" \/>\n<meta property=\"og:url\" content=\"https:\/\/parkujgo.pl\/de\/so-kommen-sie-zu-uns\/\" \/>\n<meta property=\"og:site_name\" content=\"Balice ParkujGo\" \/>\n<meta property=\"article:modified_time\" content=\"2017-11-08T12:12:22+00:00\" \/>\n<meta name=\"twitter:card\" content=\"summary\" \/>\n<meta name=\"twitter:label1\" content=\"Gesch\u00e4tzte Lesezeit\" \/>\n\t<meta name=\"twitter:data1\" content=\"1\u00a0Minute\" \/>\n<script type=\"application\/ld+json\" class=\"yoast-schema-graph\">{\"@context\":\"https:\/\/schema.org\",\"@graph\":[{\"@type\":\"Organization\",\"@id\":\"https:\/\/parkujgo.pl\/#organization\",\"name\":\"ParkujGo\",\"url\":\"https:\/\/parkujgo.pl\/\",\"sameAs\":[],\"logo\":{\"@type\":\"ImageObject\",\"@id\":\"https:\/\/parkujgo.pl\/#logo\",\"inLanguage\":\"de\",\"url\":\"https:\/\/parkujgo.pl\/wp-content\/uploads\/2018\/05\/parkujgo-logo.jpg\",\"contentUrl\":\"https:\/\/parkujgo.pl\/wp-content\/uploads\/2018\/05\/parkujgo-logo.jpg\",\"width\":\"44\",\"height\":\"65\",\"caption\":\"ParkujGo\"},\"image\":{\"@id\":\"https:\/\/parkujgo.pl\/#logo\"}},{\"@type\":\"WebSite\",\"@id\":\"https:\/\/parkujgo.pl\/#website\",\"url\":\"https:\/\/parkujgo.pl\/\",\"name\":\"Balice ParkujGo\",\"description\":\"Parkplatz Balice\",\"publisher\":{\"@id\":\"https:\/\/parkujgo.pl\/#organization\"},\"potentialAction\":[{\"@type\":\"SearchAction\",\"target\":{\"@type\":\"EntryPoint\",\"urlTemplate\":\"https:\/\/parkujgo.pl\/?s={search_term_string}\"},\"query-input\":\"required name=search_term_string\"}],\"inLanguage\":\"de\"},{\"@type\":\"WebPage\",\"@id\":\"https:\/\/parkujgo.pl\/de\/so-kommen-sie-zu-uns\/#webpage\",\"url\":\"https:\/\/parkujgo.pl\/de\/so-kommen-sie-zu-uns\/\",\"name\":\"Wie kommt man zum Parkplatz ParkujGo Krakow Balice zu bekommen?\",\"isPartOf\":{\"@id\":\"https:\/\/parkujgo.pl\/#website\"},\"datePublished\":\"2017-10-02T12:44:50+00:00\",\"dateModified\":\"2017-11-08T12:12:22+00:00\",\"description\":\"Finden Sie heraus, wie Sie uns leicht zu erreichen. Lassen Sie das Auto und wir wir nehmen Sie zum Flughafen-Terminal sowie holen Sie, wenn Sie uns ...\",\"breadcrumb\":{\"@id\":\"https:\/\/parkujgo.pl\/de\/so-kommen-sie-zu-uns\/#breadcrumb\"},\"inLanguage\":\"de\",\"potentialAction\":[{\"@type\":\"ReadAction\",\"target\":[\"https:\/\/parkujgo.pl\/de\/so-kommen-sie-zu-uns\/\"]}]},{\"@type\":\"BreadcrumbList\",\"@id\":\"https:\/\/parkujgo.pl\/de\/so-kommen-sie-zu-uns\/#breadcrumb\",\"itemListElement\":[{\"@type\":\"ListItem\",\"position\":1,\"name\":\"Strona g\\u0142\\u00f3wna\",\"item\":\"https:\/\/parkujgo.pl\/de\/\"},{\"@type\":\"ListItem\",\"position\":2,\"name\":\"So kommen Sie zu uns\"}]}]}<\/script>\n<!-- \/ Yoast SEO plugin. -->","yoast_head_json":{"title":"Wie kommt man zum Parkplatz ParkujGo Krakow Balice zu bekommen?","description":"Finden Sie heraus, wie Sie uns leicht zu erreichen. Lassen Sie das Auto und wir wir nehmen Sie zum Flughafen-Terminal sowie holen Sie, wenn Sie uns ...","robots":{"index":"index","follow":"follow","max-snippet":"max-snippet:-1","max-image-preview":"max-image-preview:large","max-video-preview":"max-video-preview:-1"},"canonical":"https:\/\/parkujgo.pl\/de\/so-kommen-sie-zu-uns\/","og_locale":"de_DE","og_type":"article","og_title":"Wie kommt man zum Parkplatz ParkujGo Krakow Balice zu bekommen?","og_description":"Finden Sie heraus, wie Sie uns leicht zu erreichen. Lassen Sie das Auto und wir wir nehmen Sie zum Flughafen-Terminal sowie holen Sie, wenn Sie uns ...","og_url":"https:\/\/parkujgo.pl\/de\/so-kommen-sie-zu-uns\/","og_site_name":"Balice ParkujGo","article_modified_time":"2017-11-08T12:12:22+00:00","twitter_card":"summary","twitter_misc":{"Gesch\u00e4tzte Lesezeit":"1\u00a0Minute"},"schema":{"@context":"https:\/\/schema.org","@graph":[{"@type":"Organization","@id":"https:\/\/parkujgo.pl\/#organization","name":"ParkujGo","url":"https:\/\/parkujgo.pl\/","sameAs":[],"logo":{"@type":"ImageObject","@id":"https:\/\/parkujgo.pl\/#logo","inLanguage":"de","url":"https:\/\/parkujgo.pl\/wp-content\/uploads\/2018\/05\/parkujgo-logo.jpg","contentUrl":"https:\/\/parkujgo.pl\/wp-content\/uploads\/2018\/05\/parkujgo-logo.jpg","width":"44","height":"65","caption":"ParkujGo"},"image":{"@id":"https:\/\/parkujgo.pl\/#logo"}},{"@type":"WebSite","@id":"https:\/\/parkujgo.pl\/#website","url":"https:\/\/parkujgo.pl\/","name":"Balice ParkujGo","description":"Parkplatz Balice","publisher":{"@id":"https:\/\/parkujgo.pl\/#organization"},"potentialAction":[{"@type":"SearchAction","target":{"@type":"EntryPoint","urlTemplate":"https:\/\/parkujgo.pl\/?s={search_term_string}"},"query-input":"required name=search_term_string"}],"inLanguage":"de"},{"@type":"WebPage","@id":"https:\/\/parkujgo.pl\/de\/so-kommen-sie-zu-uns\/#webpage","url":"https:\/\/parkujgo.pl\/de\/so-kommen-sie-zu-uns\/","name":"Wie kommt man zum Parkplatz ParkujGo Krakow Balice zu bekommen?","isPartOf":{"@id":"https:\/\/parkujgo.pl\/#website"},"datePublished":"2017-10-02T12:44:50+00:00","dateModified":"2017-11-08T12:12:22+00:00","description":"Finden Sie heraus, wie Sie uns leicht zu erreichen. Lassen Sie das Auto und wir wir nehmen Sie zum Flughafen-Terminal sowie holen Sie, wenn Sie uns ...","breadcrumb":{"@id":"https:\/\/parkujgo.pl\/de\/so-kommen-sie-zu-uns\/#breadcrumb"},"inLanguage":"de","potentialAction":[{"@type":"ReadAction","target":["https:\/\/parkujgo.pl\/de\/so-kommen-sie-zu-uns\/"]}]},{"@type":"BreadcrumbList","@id":"https:\/\/parkujgo.pl\/de\/so-kommen-sie-zu-uns\/#breadcrumb","itemListElement":[{"@type":"ListItem","position":1,"name":"Strona g\u0142\u00f3wna","item":"https:\/\/parkujgo.pl\/de\/"},{"@type":"ListItem","position":2,"name":"So kommen Sie zu uns"}]}]}},"_links":{"self":[{"href":"https:\/\/parkujgo.pl\/de\/wp-json\/wp\/v2\/pages\/635"}],"collection":[{"href":"https:\/\/parkujgo.pl\/de\/wp-json\/wp\/v2\/pages"}],"about":[{"href":"https:\/\/parkujgo.pl\/de\/wp-json\/wp\/v2\/types\/page"}],"author":[{"embeddable":true,"href":"https:\/\/parkujgo.pl\/de\/wp-json\/wp\/v2\/users\/1"}],"replies":[{"embeddable":true,"href":"https:\/\/parkujgo.pl\/de\/wp-json\/wp\/v2\/comments?post=635"}],"version-history":[{"count":8,"href":"https:\/\/parkujgo.pl\/de\/wp-json\/wp\/v2\/pages\/635\/revisions"}],"predecessor-version":[{"id":952,"href":"https:\/\/parkujgo.pl\/de\/wp-json\/wp\/v2\/pages\/635\/revisions\/952"}],"wp:attachment":[{"href":"https:\/\/parkujgo.pl\/de\/wp-json\/wp\/v2\/media?parent=635"}],"curies":[{"name":"wp","href":"https:\/\/api.w.org\/{rel}","templated":true}]}}