{"id":633,"date":"2017-09-01T11:50:47","date_gmt":"2017-09-01T09:50:47","guid":{"rendered":"https:\/\/parkujgo.pl\/?page_id=633\/"},"modified":"2018-11-07T10:28:37","modified_gmt":"2018-11-07T09:28:37","slug":"preisliste","status":"publish","type":"page","link":"https:\/\/parkujgo.pl\/de\/preisliste\/","title":{"rendered":"Preisliste"},"content":{"rendered":"<p>Die Geb\u00fchren auf dem Parkplatz Parkujgo.pl werden f\u00fcr jeden angefangenen Tag berechnet.<br \/>\nDie Zahlung ist auch per \u00dcberweisung m\u00f6glich, jedoch bevorzugen wir Bargeld am Abreisetag. Die Rechnungen mit ausgewiesener Mwst stellen wir bis 7 Tage nach der Zahlung aus.<br \/>\nGeben Sie uns bitte Ihre Rechnungsangaben bei der Reservierung oder wenn Sie zum Parkplatz kommen, an.<\/p>\n<p>Wir akzeptieren Zahlungen in Euro.<br \/>\nZahlungen in Euro ausschlie\u00dflich mit Geldscheinen zum aktuellen Wechselkurs der Nationalbank Polens f\u00fcr abgez\u00e4hlten Betrag. Eventuelles R\u00fcckgeld erfolgt in PLN.<\/p>\n<p>Wenn Sie Ihr Auto auf unserem Parkplatz l\u00e4nger als 31 Tage parken m\u00f6chten, kontaktieren Sie uns bitte per E-Mail oder Telefon &#8211; wir unterbreiten Ihnen ein individuelles Preisangebot.<\/p>\n","protected":false},"excerpt":{"rendered":"<p>Die Geb\u00fchren auf dem Parkplatz Parkujgo.pl werden f\u00fcr jeden angefangenen Tag berechnet. Die Zahlung ist auch per \u00dcberweisung m\u00f6glich, jedoch bevorzugen wir Bargeld am Abreisetag. Die Rechnungen mit ausgewiesener Mwst stellen wir bis 7 Tage nach der Zahlung aus. Geben Sie uns bitte Ihre Rechnungsangaben bei der Reservierung oder wenn Sie zum Parkplatz kommen, an. [&hellip;]<\/p>\n","protected":false},"author":1,"featured_media":0,"parent":0,"menu_order":4,"comment_status":"closed","ping_status":"closed","template":"cennik_template.php","meta":[],"yoast_head":"<!-- This site is optimized with the Yoast SEO plugin v17.5 - https:\/\/yoast.com\/wordpress\/plugins\/seo\/ -->\n<title>ParkujGo Parkgeb\u00fchren - Preise. Der erste Tag 10 PLN - ParkujGo.pl<\/title>\n<meta name=\"description\" content=\"Parkplatz Balice - \u00d6ffnen Sie 24\/7 kostenlos und sicher \u2708 Transfer $ 0. \u2705 von vielen \u00fcberpr\u00fcft.\" \/>\n<meta name=\"robots\" content=\"index, follow, max-snippet:-1, max-image-preview:large, max-video-preview:-1\" \/>\n<link rel=\"canonical\" href=\"https:\/\/parkujgo.pl\/de\/preisliste\/\" \/>\n<meta property=\"og:locale\" content=\"de_DE\" \/>\n<meta property=\"og:type\" content=\"article\" \/>\n<meta property=\"og:title\" content=\"ParkujGo Parkgeb\u00fchren - Preise. Der erste Tag 10 PLN - ParkujGo.pl\" \/>\n<meta property=\"og:description\" content=\"Parkplatz Balice - \u00d6ffnen Sie 24\/7 kostenlos und sicher \u2708 Transfer $ 0. \u2705 von vielen \u00fcberpr\u00fcft.\" \/>\n<meta property=\"og:url\" content=\"https:\/\/parkujgo.pl\/de\/preisliste\/\" \/>\n<meta property=\"og:site_name\" content=\"Balice ParkujGo\" \/>\n<meta property=\"article:modified_time\" content=\"2018-11-07T09:28:37+00:00\" \/>\n<meta name=\"twitter:card\" content=\"summary\" \/>\n<meta name=\"twitter:label1\" content=\"Gesch\u00e4tzte Lesezeit\" \/>\n\t<meta name=\"twitter:data1\" content=\"1\u00a0Minute\" \/>\n<script type=\"application\/ld+json\" class=\"yoast-schema-graph\">{\"@context\":\"https:\/\/schema.org\",\"@graph\":[{\"@type\":\"Organization\",\"@id\":\"https:\/\/parkujgo.pl\/#organization\",\"name\":\"ParkujGo\",\"url\":\"https:\/\/parkujgo.pl\/\",\"sameAs\":[],\"logo\":{\"@type\":\"ImageObject\",\"@id\":\"https:\/\/parkujgo.pl\/#logo\",\"inLanguage\":\"de\",\"url\":\"https:\/\/parkujgo.pl\/wp-content\/uploads\/2018\/05\/parkujgo-logo.jpg\",\"contentUrl\":\"https:\/\/parkujgo.pl\/wp-content\/uploads\/2018\/05\/parkujgo-logo.jpg\",\"width\":\"44\",\"height\":\"65\",\"caption\":\"ParkujGo\"},\"image\":{\"@id\":\"https:\/\/parkujgo.pl\/#logo\"}},{\"@type\":\"WebSite\",\"@id\":\"https:\/\/parkujgo.pl\/#website\",\"url\":\"https:\/\/parkujgo.pl\/\",\"name\":\"Balice ParkujGo\",\"description\":\"Parkplatz Balice\",\"publisher\":{\"@id\":\"https:\/\/parkujgo.pl\/#organization\"},\"potentialAction\":[{\"@type\":\"SearchAction\",\"target\":{\"@type\":\"EntryPoint\",\"urlTemplate\":\"https:\/\/parkujgo.pl\/?s={search_term_string}\"},\"query-input\":\"required name=search_term_string\"}],\"inLanguage\":\"de\"},{\"@type\":\"WebPage\",\"@id\":\"https:\/\/parkujgo.pl\/de\/preisliste\/#webpage\",\"url\":\"https:\/\/parkujgo.pl\/de\/preisliste\/\",\"name\":\"ParkujGo Parkgeb\\u00fchren - Preise. Der erste Tag 10 PLN - ParkujGo.pl\",\"isPartOf\":{\"@id\":\"https:\/\/parkujgo.pl\/#website\"},\"datePublished\":\"2017-09-01T09:50:47+00:00\",\"dateModified\":\"2018-11-07T09:28:37+00:00\",\"description\":\"Parkplatz Balice - \\u00d6ffnen Sie 24\/7 kostenlos und sicher \\u2708 Transfer $ 0. \\u2705 von vielen \\u00fcberpr\\u00fcft.\",\"breadcrumb\":{\"@id\":\"https:\/\/parkujgo.pl\/de\/preisliste\/#breadcrumb\"},\"inLanguage\":\"de\",\"potentialAction\":[{\"@type\":\"ReadAction\",\"target\":[\"https:\/\/parkujgo.pl\/de\/preisliste\/\"]}]},{\"@type\":\"BreadcrumbList\",\"@id\":\"https:\/\/parkujgo.pl\/de\/preisliste\/#breadcrumb\",\"itemListElement\":[{\"@type\":\"ListItem\",\"position\":1,\"name\":\"Strona g\\u0142\\u00f3wna\",\"item\":\"https:\/\/parkujgo.pl\/de\/\"},{\"@type\":\"ListItem\",\"position\":2,\"name\":\"Preisliste\"}]}]}<\/script>\n<!-- \/ Yoast SEO plugin. -->","yoast_head_json":{"title":"ParkujGo Parkgeb\u00fchren - Preise. Der erste Tag 10 PLN - ParkujGo.pl","description":"Parkplatz Balice - \u00d6ffnen Sie 24\/7 kostenlos und sicher \u2708 Transfer $ 0. \u2705 von vielen \u00fcberpr\u00fcft.","robots":{"index":"index","follow":"follow","max-snippet":"max-snippet:-1","max-image-preview":"max-image-preview:large","max-video-preview":"max-video-preview:-1"},"canonical":"https:\/\/parkujgo.pl\/de\/preisliste\/","og_locale":"de_DE","og_type":"article","og_title":"ParkujGo Parkgeb\u00fchren - Preise. Der erste Tag 10 PLN - ParkujGo.pl","og_description":"Parkplatz Balice - \u00d6ffnen Sie 24\/7 kostenlos und sicher \u2708 Transfer $ 0. \u2705 von vielen \u00fcberpr\u00fcft.","og_url":"https:\/\/parkujgo.pl\/de\/preisliste\/","og_site_name":"Balice ParkujGo","article_modified_time":"2018-11-07T09:28:37+00:00","twitter_card":"summary","twitter_misc":{"Gesch\u00e4tzte Lesezeit":"1\u00a0Minute"},"schema":{"@context":"https:\/\/schema.org","@graph":[{"@type":"Organization","@id":"https:\/\/parkujgo.pl\/#organization","name":"ParkujGo","url":"https:\/\/parkujgo.pl\/","sameAs":[],"logo":{"@type":"ImageObject","@id":"https:\/\/parkujgo.pl\/#logo","inLanguage":"de","url":"https:\/\/parkujgo.pl\/wp-content\/uploads\/2018\/05\/parkujgo-logo.jpg","contentUrl":"https:\/\/parkujgo.pl\/wp-content\/uploads\/2018\/05\/parkujgo-logo.jpg","width":"44","height":"65","caption":"ParkujGo"},"image":{"@id":"https:\/\/parkujgo.pl\/#logo"}},{"@type":"WebSite","@id":"https:\/\/parkujgo.pl\/#website","url":"https:\/\/parkujgo.pl\/","name":"Balice ParkujGo","description":"Parkplatz Balice","publisher":{"@id":"https:\/\/parkujgo.pl\/#organization"},"potentialAction":[{"@type":"SearchAction","target":{"@type":"EntryPoint","urlTemplate":"https:\/\/parkujgo.pl\/?s={search_term_string}"},"query-input":"required name=search_term_string"}],"inLanguage":"de"},{"@type":"WebPage","@id":"https:\/\/parkujgo.pl\/de\/preisliste\/#webpage","url":"https:\/\/parkujgo.pl\/de\/preisliste\/","name":"ParkujGo Parkgeb\u00fchren - Preise. Der erste Tag 10 PLN - ParkujGo.pl","isPartOf":{"@id":"https:\/\/parkujgo.pl\/#website"},"datePublished":"2017-09-01T09:50:47+00:00","dateModified":"2018-11-07T09:28:37+00:00","description":"Parkplatz Balice - \u00d6ffnen Sie 24\/7 kostenlos und sicher \u2708 Transfer $ 0. \u2705 von vielen \u00fcberpr\u00fcft.","breadcrumb":{"@id":"https:\/\/parkujgo.pl\/de\/preisliste\/#breadcrumb"},"inLanguage":"de","potentialAction":[{"@type":"ReadAction","target":["https:\/\/parkujgo.pl\/de\/preisliste\/"]}]},{"@type":"BreadcrumbList","@id":"https:\/\/parkujgo.pl\/de\/preisliste\/#breadcrumb","itemListElement":[{"@type":"ListItem","position":1,"name":"Strona g\u0142\u00f3wna","item":"https:\/\/parkujgo.pl\/de\/"},{"@type":"ListItem","position":2,"name":"Preisliste"}]}]}},"_links":{"self":[{"href":"https:\/\/parkujgo.pl\/de\/wp-json\/wp\/v2\/pages\/633"}],"collection":[{"href":"https:\/\/parkujgo.pl\/de\/wp-json\/wp\/v2\/pages"}],"about":[{"href":"https:\/\/parkujgo.pl\/de\/wp-json\/wp\/v2\/types\/page"}],"author":[{"embeddable":true,"href":"https:\/\/parkujgo.pl\/de\/wp-json\/wp\/v2\/users\/1"}],"replies":[{"embeddable":true,"href":"https:\/\/parkujgo.pl\/de\/wp-json\/wp\/v2\/comments?post=633"}],"version-history":[{"count":8,"href":"https:\/\/parkujgo.pl\/de\/wp-json\/wp\/v2\/pages\/633\/revisions"}],"predecessor-version":[{"id":1369,"href":"https:\/\/parkujgo.pl\/de\/wp-json\/wp\/v2\/pages\/633\/revisions\/1369"}],"wp:attachment":[{"href":"https:\/\/parkujgo.pl\/de\/wp-json\/wp\/v2\/media?parent=633"}],"curies":[{"name":"wp","href":"https:\/\/api.w.org\/{rel}","templated":true}]}}