{"id":631,"date":"2017-10-02T14:43:51","date_gmt":"2017-10-02T12:43:51","guid":{"rendered":"https:\/\/parkujgo.pl\/?page_id=631\/"},"modified":"2017-10-10T12:59:08","modified_gmt":"2017-10-10T10:59:08","slug":"dienstleistungen","status":"publish","type":"page","link":"https:\/\/parkujgo.pl\/de\/dienstleistungen\/","title":{"rendered":"Dienstleistungen"},"content":{"rendered":"<p>Was k\u00f6nnen Sie von einem Parkplatz am Flughafen erwarten? Sicherlich Dienstleistungen, die Sicherheit, d.h. Security Service, Video\u00fcberwachung und Beleuchtung, garantieren. Unseren Kunden bieten wir jedoch viel mehr an, weil wir m\u00f6chten, dass sie sich komfortabel f\u00fchlen. Und wir k\u00f6nnen das wirklich gut meistern, weil sogar 99% der Kunden, die ParkujGo w\u00e4hlen, mit unserem Service zufrieden sind.<\/p>\n","protected":false},"excerpt":{"rendered":"<p>Was k\u00f6nnen Sie von einem Parkplatz am Flughafen erwarten? Sicherlich Dienstleistungen, die Sicherheit, d.h. Security Service, Video\u00fcberwachung und Beleuchtung, garantieren. Unseren Kunden bieten wir jedoch viel mehr an, weil wir m\u00f6chten, dass sie sich komfortabel f\u00fchlen. Und wir k\u00f6nnen das wirklich gut meistern, weil sogar 99% der Kunden, die ParkujGo w\u00e4hlen, mit unserem Service zufrieden [&hellip;]<\/p>\n","protected":false},"author":1,"featured_media":0,"parent":0,"menu_order":6,"comment_status":"closed","ping_status":"closed","template":"uslugi_template.php","meta":[],"yoast_head":"<!-- This site is optimized with the Yoast SEO plugin v17.5 - https:\/\/yoast.com\/wordpress\/plugins\/seo\/ -->\n<title>Dienstleistungen | Balice ParkujGo<\/title>\n<meta name=\"robots\" content=\"index, follow, max-snippet:-1, max-image-preview:large, max-video-preview:-1\" \/>\n<link rel=\"canonical\" href=\"https:\/\/parkujgo.pl\/de\/dienstleistungen\/\" \/>\n<meta property=\"og:locale\" content=\"de_DE\" \/>\n<meta property=\"og:type\" content=\"article\" \/>\n<meta property=\"og:title\" content=\"Dienstleistungen | Balice ParkujGo\" \/>\n<meta property=\"og:description\" content=\"Was k\u00f6nnen Sie von einem Parkplatz am Flughafen erwarten? Sicherlich Dienstleistungen, die Sicherheit, d.h. Security Service, Video\u00fcberwachung und Beleuchtung, garantieren. Unseren Kunden bieten wir jedoch viel mehr an, weil wir m\u00f6chten, dass sie sich komfortabel f\u00fchlen. Und wir k\u00f6nnen das wirklich gut meistern, weil sogar 99% der Kunden, die ParkujGo w\u00e4hlen, mit unserem Service zufrieden [&hellip;]\" \/>\n<meta property=\"og:url\" content=\"https:\/\/parkujgo.pl\/de\/dienstleistungen\/\" \/>\n<meta property=\"og:site_name\" content=\"Balice ParkujGo\" \/>\n<meta property=\"article:modified_time\" content=\"2017-10-10T10:59:08+00:00\" \/>\n<meta name=\"twitter:card\" content=\"summary\" \/>\n<script type=\"application\/ld+json\" class=\"yoast-schema-graph\">{\"@context\":\"https:\/\/schema.org\",\"@graph\":[{\"@type\":\"Organization\",\"@id\":\"https:\/\/parkujgo.pl\/#organization\",\"name\":\"ParkujGo\",\"url\":\"https:\/\/parkujgo.pl\/\",\"sameAs\":[],\"logo\":{\"@type\":\"ImageObject\",\"@id\":\"https:\/\/parkujgo.pl\/#logo\",\"inLanguage\":\"de\",\"url\":\"https:\/\/parkujgo.pl\/wp-content\/uploads\/2018\/05\/parkujgo-logo.jpg\",\"contentUrl\":\"https:\/\/parkujgo.pl\/wp-content\/uploads\/2018\/05\/parkujgo-logo.jpg\",\"width\":\"44\",\"height\":\"65\",\"caption\":\"ParkujGo\"},\"image\":{\"@id\":\"https:\/\/parkujgo.pl\/#logo\"}},{\"@type\":\"WebSite\",\"@id\":\"https:\/\/parkujgo.pl\/#website\",\"url\":\"https:\/\/parkujgo.pl\/\",\"name\":\"Balice ParkujGo\",\"description\":\"Parkplatz Balice\",\"publisher\":{\"@id\":\"https:\/\/parkujgo.pl\/#organization\"},\"potentialAction\":[{\"@type\":\"SearchAction\",\"target\":{\"@type\":\"EntryPoint\",\"urlTemplate\":\"https:\/\/parkujgo.pl\/?s={search_term_string}\"},\"query-input\":\"required name=search_term_string\"}],\"inLanguage\":\"de\"},{\"@type\":\"WebPage\",\"@id\":\"https:\/\/parkujgo.pl\/de\/dienstleistungen\/#webpage\",\"url\":\"https:\/\/parkujgo.pl\/de\/dienstleistungen\/\",\"name\":\"Dienstleistungen | Balice ParkujGo\",\"isPartOf\":{\"@id\":\"https:\/\/parkujgo.pl\/#website\"},\"datePublished\":\"2017-10-02T12:43:51+00:00\",\"dateModified\":\"2017-10-10T10:59:08+00:00\",\"breadcrumb\":{\"@id\":\"https:\/\/parkujgo.pl\/de\/dienstleistungen\/#breadcrumb\"},\"inLanguage\":\"de\",\"potentialAction\":[{\"@type\":\"ReadAction\",\"target\":[\"https:\/\/parkujgo.pl\/de\/dienstleistungen\/\"]}]},{\"@type\":\"BreadcrumbList\",\"@id\":\"https:\/\/parkujgo.pl\/de\/dienstleistungen\/#breadcrumb\",\"itemListElement\":[{\"@type\":\"ListItem\",\"position\":1,\"name\":\"Strona g\\u0142\\u00f3wna\",\"item\":\"https:\/\/parkujgo.pl\/de\/\"},{\"@type\":\"ListItem\",\"position\":2,\"name\":\"Dienstleistungen\"}]}]}<\/script>\n<!-- \/ Yoast SEO plugin. -->","yoast_head_json":{"title":"Dienstleistungen | Balice ParkujGo","robots":{"index":"index","follow":"follow","max-snippet":"max-snippet:-1","max-image-preview":"max-image-preview:large","max-video-preview":"max-video-preview:-1"},"canonical":"https:\/\/parkujgo.pl\/de\/dienstleistungen\/","og_locale":"de_DE","og_type":"article","og_title":"Dienstleistungen | Balice ParkujGo","og_description":"Was k\u00f6nnen Sie von einem Parkplatz am Flughafen erwarten? Sicherlich Dienstleistungen, die Sicherheit, d.h. Security Service, Video\u00fcberwachung und Beleuchtung, garantieren. Unseren Kunden bieten wir jedoch viel mehr an, weil wir m\u00f6chten, dass sie sich komfortabel f\u00fchlen. Und wir k\u00f6nnen das wirklich gut meistern, weil sogar 99% der Kunden, die ParkujGo w\u00e4hlen, mit unserem Service zufrieden [&hellip;]","og_url":"https:\/\/parkujgo.pl\/de\/dienstleistungen\/","og_site_name":"Balice ParkujGo","article_modified_time":"2017-10-10T10:59:08+00:00","twitter_card":"summary","schema":{"@context":"https:\/\/schema.org","@graph":[{"@type":"Organization","@id":"https:\/\/parkujgo.pl\/#organization","name":"ParkujGo","url":"https:\/\/parkujgo.pl\/","sameAs":[],"logo":{"@type":"ImageObject","@id":"https:\/\/parkujgo.pl\/#logo","inLanguage":"de","url":"https:\/\/parkujgo.pl\/wp-content\/uploads\/2018\/05\/parkujgo-logo.jpg","contentUrl":"https:\/\/parkujgo.pl\/wp-content\/uploads\/2018\/05\/parkujgo-logo.jpg","width":"44","height":"65","caption":"ParkujGo"},"image":{"@id":"https:\/\/parkujgo.pl\/#logo"}},{"@type":"WebSite","@id":"https:\/\/parkujgo.pl\/#website","url":"https:\/\/parkujgo.pl\/","name":"Balice ParkujGo","description":"Parkplatz Balice","publisher":{"@id":"https:\/\/parkujgo.pl\/#organization"},"potentialAction":[{"@type":"SearchAction","target":{"@type":"EntryPoint","urlTemplate":"https:\/\/parkujgo.pl\/?s={search_term_string}"},"query-input":"required name=search_term_string"}],"inLanguage":"de"},{"@type":"WebPage","@id":"https:\/\/parkujgo.pl\/de\/dienstleistungen\/#webpage","url":"https:\/\/parkujgo.pl\/de\/dienstleistungen\/","name":"Dienstleistungen | Balice ParkujGo","isPartOf":{"@id":"https:\/\/parkujgo.pl\/#website"},"datePublished":"2017-10-02T12:43:51+00:00","dateModified":"2017-10-10T10:59:08+00:00","breadcrumb":{"@id":"https:\/\/parkujgo.pl\/de\/dienstleistungen\/#breadcrumb"},"inLanguage":"de","potentialAction":[{"@type":"ReadAction","target":["https:\/\/parkujgo.pl\/de\/dienstleistungen\/"]}]},{"@type":"BreadcrumbList","@id":"https:\/\/parkujgo.pl\/de\/dienstleistungen\/#breadcrumb","itemListElement":[{"@type":"ListItem","position":1,"name":"Strona g\u0142\u00f3wna","item":"https:\/\/parkujgo.pl\/de\/"},{"@type":"ListItem","position":2,"name":"Dienstleistungen"}]}]}},"_links":{"self":[{"href":"https:\/\/parkujgo.pl\/de\/wp-json\/wp\/v2\/pages\/631"}],"collection":[{"href":"https:\/\/parkujgo.pl\/de\/wp-json\/wp\/v2\/pages"}],"about":[{"href":"https:\/\/parkujgo.pl\/de\/wp-json\/wp\/v2\/types\/page"}],"author":[{"embeddable":true,"href":"https:\/\/parkujgo.pl\/de\/wp-json\/wp\/v2\/users\/1"}],"replies":[{"embeddable":true,"href":"https:\/\/parkujgo.pl\/de\/wp-json\/wp\/v2\/comments?post=631"}],"version-history":[{"count":7,"href":"https:\/\/parkujgo.pl\/de\/wp-json\/wp\/v2\/pages\/631\/revisions"}],"predecessor-version":[{"id":898,"href":"https:\/\/parkujgo.pl\/de\/wp-json\/wp\/v2\/pages\/631\/revisions\/898"}],"wp:attachment":[{"href":"https:\/\/parkujgo.pl\/de\/wp-json\/wp\/v2\/media?parent=631"}],"curies":[{"name":"wp","href":"https:\/\/api.w.org\/{rel}","templated":true}]}}