{"id":629,"date":"2017-10-02T14:43:23","date_gmt":"2017-10-02T12:43:23","guid":{"rendered":"https:\/\/parkujgo.pl\/?page_id=629\/"},"modified":"2017-10-03T10:30:36","modified_gmt":"2017-10-03T08:30:36","slug":"ueber-uns","status":"publish","type":"page","link":"https:\/\/parkujgo.pl\/de\/ueber-uns\/","title":{"rendered":"\u00dcber uns"},"content":{"rendered":"<p>ParkujGo ist ein Langzeitparkplatz am Flughafen in Balice bei Krak\u00f3w. Wir bieten Ihnen 250 Stellfl\u00e4chen auf einer befestigter Fl\u00e4che an. Der Parkplatz ist eingez\u00e4unt, 24 Stunden am Tag bewacht, \u00fcberwacht, versichert und mit professioneller Beleuchtung ausgestattet.<\/p>\n<p>Unser Parkplatz liegt etwa einen Kilometer vom Flughafen Krak\u00f3w Balice entfernt. Diese Strecke k\u00f6nnen Sie problemlos bew\u00e4ltigen, weil im Parkpreis auch Shuttle zum Flughafen inbegriffen ist. Die Fahrt zum Flughafen erfolgt gleich nach Ihrer Ankunft und dauert h\u00f6chstens 3 Minuten.<\/p>\n<p>Unseren Kunden bieten wir v\u00f6llig komplexe Dienstleistungen an. Bei uns k\u00f6nnen Sie Ihr Auto abstellen, pr\u00fcfen, ob Ihr Gep\u00e4ck das erlaubte Gewicht nicht \u00fcbersteigt, kostenlos WiFi nutzen oder auch Ihr Elektroauto laden. Bei Problemen mit dem Auto stellen wir Ihnen auch einen Anlasser und einen Kompressor zur Verf\u00fcgung.<\/p>\n<p>Den n\u00e4chsten Vorteil entdecken Sie, wenn Sie unsere Preise pr\u00fcfen. Egal, ob Sie Ihr Auto nur f\u00fcr einen Tag oder f\u00fcr zwei Wochen stehen lassen, garantieren wir Ihnen g\u00fcnstige Preise. Und wenn Sie Ihr Auto l\u00e4nger als 30 Tage parken m\u00f6chten, haben wir einen Sonderpreis f\u00fcr Sie.<\/p>\n<p>ParkujGo beweist, dass ein Flughafenparkplatz sowohl sicher als auch billig sein kann.<\/p>\n","protected":false},"excerpt":{"rendered":"<p>ParkujGo ist ein Langzeitparkplatz am Flughafen in Balice bei Krak\u00f3w. Wir bieten Ihnen 250 Stellfl\u00e4chen auf einer befestigter Fl\u00e4che an. Der Parkplatz ist eingez\u00e4unt, 24 Stunden am Tag bewacht, \u00fcberwacht, versichert und mit professioneller Beleuchtung ausgestattet. Unser Parkplatz liegt etwa einen Kilometer vom Flughafen Krak\u00f3w Balice entfernt. Diese Strecke k\u00f6nnen Sie problemlos bew\u00e4ltigen, weil im [&hellip;]<\/p>\n","protected":false},"author":1,"featured_media":0,"parent":0,"menu_order":8,"comment_status":"closed","ping_status":"open","template":"_about-us.php","meta":[],"yoast_head":"<!-- This site is optimized with the Yoast SEO plugin v17.5 - https:\/\/yoast.com\/wordpress\/plugins\/seo\/ -->\n<title>\u00dcber uns | Balice ParkujGo<\/title>\n<meta name=\"robots\" content=\"index, follow, max-snippet:-1, max-image-preview:large, max-video-preview:-1\" \/>\n<link rel=\"canonical\" href=\"https:\/\/parkujgo.pl\/de\/ueber-uns\/\" \/>\n<meta property=\"og:locale\" content=\"de_DE\" \/>\n<meta property=\"og:type\" content=\"article\" \/>\n<meta property=\"og:title\" content=\"\u00dcber uns | Balice ParkujGo\" \/>\n<meta property=\"og:description\" content=\"ParkujGo ist ein Langzeitparkplatz am Flughafen in Balice bei Krak\u00f3w. Wir bieten Ihnen 250 Stellfl\u00e4chen auf einer befestigter Fl\u00e4che an. Der Parkplatz ist eingez\u00e4unt, 24 Stunden am Tag bewacht, \u00fcberwacht, versichert und mit professioneller Beleuchtung ausgestattet. Unser Parkplatz liegt etwa einen Kilometer vom Flughafen Krak\u00f3w Balice entfernt. Diese Strecke k\u00f6nnen Sie problemlos bew\u00e4ltigen, weil im [&hellip;]\" \/>\n<meta property=\"og:url\" content=\"https:\/\/parkujgo.pl\/de\/ueber-uns\/\" \/>\n<meta property=\"og:site_name\" content=\"Balice ParkujGo\" \/>\n<meta property=\"article:modified_time\" content=\"2017-10-03T08:30:36+00:00\" \/>\n<meta name=\"twitter:card\" content=\"summary\" \/>\n<meta name=\"twitter:label1\" content=\"Gesch\u00e4tzte Lesezeit\" \/>\n\t<meta name=\"twitter:data1\" content=\"1\u00a0Minute\" \/>\n<script type=\"application\/ld+json\" class=\"yoast-schema-graph\">{\"@context\":\"https:\/\/schema.org\",\"@graph\":[{\"@type\":\"Organization\",\"@id\":\"https:\/\/parkujgo.pl\/#organization\",\"name\":\"ParkujGo\",\"url\":\"https:\/\/parkujgo.pl\/\",\"sameAs\":[],\"logo\":{\"@type\":\"ImageObject\",\"@id\":\"https:\/\/parkujgo.pl\/#logo\",\"inLanguage\":\"de\",\"url\":\"https:\/\/parkujgo.pl\/wp-content\/uploads\/2018\/05\/parkujgo-logo.jpg\",\"contentUrl\":\"https:\/\/parkujgo.pl\/wp-content\/uploads\/2018\/05\/parkujgo-logo.jpg\",\"width\":\"44\",\"height\":\"65\",\"caption\":\"ParkujGo\"},\"image\":{\"@id\":\"https:\/\/parkujgo.pl\/#logo\"}},{\"@type\":\"WebSite\",\"@id\":\"https:\/\/parkujgo.pl\/#website\",\"url\":\"https:\/\/parkujgo.pl\/\",\"name\":\"Balice ParkujGo\",\"description\":\"Parkplatz Balice\",\"publisher\":{\"@id\":\"https:\/\/parkujgo.pl\/#organization\"},\"potentialAction\":[{\"@type\":\"SearchAction\",\"target\":{\"@type\":\"EntryPoint\",\"urlTemplate\":\"https:\/\/parkujgo.pl\/?s={search_term_string}\"},\"query-input\":\"required name=search_term_string\"}],\"inLanguage\":\"de\"},{\"@type\":\"WebPage\",\"@id\":\"https:\/\/parkujgo.pl\/de\/ueber-uns\/#webpage\",\"url\":\"https:\/\/parkujgo.pl\/de\/ueber-uns\/\",\"name\":\"\\u00dcber uns | Balice ParkujGo\",\"isPartOf\":{\"@id\":\"https:\/\/parkujgo.pl\/#website\"},\"datePublished\":\"2017-10-02T12:43:23+00:00\",\"dateModified\":\"2017-10-03T08:30:36+00:00\",\"breadcrumb\":{\"@id\":\"https:\/\/parkujgo.pl\/de\/ueber-uns\/#breadcrumb\"},\"inLanguage\":\"de\",\"potentialAction\":[{\"@type\":\"ReadAction\",\"target\":[\"https:\/\/parkujgo.pl\/de\/ueber-uns\/\"]}]},{\"@type\":\"BreadcrumbList\",\"@id\":\"https:\/\/parkujgo.pl\/de\/ueber-uns\/#breadcrumb\",\"itemListElement\":[{\"@type\":\"ListItem\",\"position\":1,\"name\":\"Strona g\\u0142\\u00f3wna\",\"item\":\"https:\/\/parkujgo.pl\/de\/\"},{\"@type\":\"ListItem\",\"position\":2,\"name\":\"\\u00dcber uns\"}]}]}<\/script>\n<!-- \/ Yoast SEO plugin. -->","yoast_head_json":{"title":"\u00dcber uns | Balice ParkujGo","robots":{"index":"index","follow":"follow","max-snippet":"max-snippet:-1","max-image-preview":"max-image-preview:large","max-video-preview":"max-video-preview:-1"},"canonical":"https:\/\/parkujgo.pl\/de\/ueber-uns\/","og_locale":"de_DE","og_type":"article","og_title":"\u00dcber uns | Balice ParkujGo","og_description":"ParkujGo ist ein Langzeitparkplatz am Flughafen in Balice bei Krak\u00f3w. Wir bieten Ihnen 250 Stellfl\u00e4chen auf einer befestigter Fl\u00e4che an. Der Parkplatz ist eingez\u00e4unt, 24 Stunden am Tag bewacht, \u00fcberwacht, versichert und mit professioneller Beleuchtung ausgestattet. Unser Parkplatz liegt etwa einen Kilometer vom Flughafen Krak\u00f3w Balice entfernt. Diese Strecke k\u00f6nnen Sie problemlos bew\u00e4ltigen, weil im [&hellip;]","og_url":"https:\/\/parkujgo.pl\/de\/ueber-uns\/","og_site_name":"Balice ParkujGo","article_modified_time":"2017-10-03T08:30:36+00:00","twitter_card":"summary","twitter_misc":{"Gesch\u00e4tzte Lesezeit":"1\u00a0Minute"},"schema":{"@context":"https:\/\/schema.org","@graph":[{"@type":"Organization","@id":"https:\/\/parkujgo.pl\/#organization","name":"ParkujGo","url":"https:\/\/parkujgo.pl\/","sameAs":[],"logo":{"@type":"ImageObject","@id":"https:\/\/parkujgo.pl\/#logo","inLanguage":"de","url":"https:\/\/parkujgo.pl\/wp-content\/uploads\/2018\/05\/parkujgo-logo.jpg","contentUrl":"https:\/\/parkujgo.pl\/wp-content\/uploads\/2018\/05\/parkujgo-logo.jpg","width":"44","height":"65","caption":"ParkujGo"},"image":{"@id":"https:\/\/parkujgo.pl\/#logo"}},{"@type":"WebSite","@id":"https:\/\/parkujgo.pl\/#website","url":"https:\/\/parkujgo.pl\/","name":"Balice ParkujGo","description":"Parkplatz Balice","publisher":{"@id":"https:\/\/parkujgo.pl\/#organization"},"potentialAction":[{"@type":"SearchAction","target":{"@type":"EntryPoint","urlTemplate":"https:\/\/parkujgo.pl\/?s={search_term_string}"},"query-input":"required name=search_term_string"}],"inLanguage":"de"},{"@type":"WebPage","@id":"https:\/\/parkujgo.pl\/de\/ueber-uns\/#webpage","url":"https:\/\/parkujgo.pl\/de\/ueber-uns\/","name":"\u00dcber uns | Balice ParkujGo","isPartOf":{"@id":"https:\/\/parkujgo.pl\/#website"},"datePublished":"2017-10-02T12:43:23+00:00","dateModified":"2017-10-03T08:30:36+00:00","breadcrumb":{"@id":"https:\/\/parkujgo.pl\/de\/ueber-uns\/#breadcrumb"},"inLanguage":"de","potentialAction":[{"@type":"ReadAction","target":["https:\/\/parkujgo.pl\/de\/ueber-uns\/"]}]},{"@type":"BreadcrumbList","@id":"https:\/\/parkujgo.pl\/de\/ueber-uns\/#breadcrumb","itemListElement":[{"@type":"ListItem","position":1,"name":"Strona g\u0142\u00f3wna","item":"https:\/\/parkujgo.pl\/de\/"},{"@type":"ListItem","position":2,"name":"\u00dcber uns"}]}]}},"_links":{"self":[{"href":"https:\/\/parkujgo.pl\/de\/wp-json\/wp\/v2\/pages\/629"}],"collection":[{"href":"https:\/\/parkujgo.pl\/de\/wp-json\/wp\/v2\/pages"}],"about":[{"href":"https:\/\/parkujgo.pl\/de\/wp-json\/wp\/v2\/types\/page"}],"author":[{"embeddable":true,"href":"https:\/\/parkujgo.pl\/de\/wp-json\/wp\/v2\/users\/1"}],"replies":[{"embeddable":true,"href":"https:\/\/parkujgo.pl\/de\/wp-json\/wp\/v2\/comments?post=629"}],"version-history":[{"count":2,"href":"https:\/\/parkujgo.pl\/de\/wp-json\/wp\/v2\/pages\/629\/revisions"}],"predecessor-version":[{"id":709,"href":"https:\/\/parkujgo.pl\/de\/wp-json\/wp\/v2\/pages\/629\/revisions\/709"}],"wp:attachment":[{"href":"https:\/\/parkujgo.pl\/de\/wp-json\/wp\/v2\/media?parent=629"}],"curies":[{"name":"wp","href":"https:\/\/api.w.org\/{rel}","templated":true}]}}