{"id":627,"date":"2017-10-02T14:41:05","date_gmt":"2017-10-02T12:41:05","guid":{"rendered":"https:\/\/parkujgo.pl\/?page_id=627\/"},"modified":"2017-12-12T10:00:18","modified_gmt":"2017-12-12T09:00:18","slug":"hauptseite","status":"publish","type":"page","link":"https:\/\/parkujgo.pl\/de\/","title":{"rendered":"Hauptseite"},"content":{"rendered":"<p>Suchen Sie nach einem billigen und sicheren Parkplatz f\u00fcrs Langzeitparken am Flughafen in Balice? Nach einem Parkplatz, der Ihnen erstklassigen Service anbieten kann? Dann sind Sie bei uns richtig. Wir bieten Ihnen Parkm\u00f6glichkeiten auf einer professionell befestigten Fl\u00e4che an und garantieren einen 24-Stunden-Schutz, d.h. Bewachung, \u00dcberwachung und Versicherung. Warum lohnt es sich, unsere Dienstleistungen in Anspruch zu nehmen?<\/p>\n<h3>ParkujGo Parkplatz Balice &#8211; Kunden \u00fcber uns<\/h3>\n<p>Die meisten Kunden sind mit unserem Parkangebot v\u00f6llig zufrieden. Was ist f\u00fcr sie wichtig?<\/p>\n<ul>\n<li>Sehr schneller und kostenloser Transfer zum Flughafen Balice rund um die Uhr<\/li>\n<li>Bequeme Online Reservierung<\/li>\n<li>Freundliche, zuvorkommende und hilfsbereite Bedienung<\/li>\n<li>Gute Parkfl\u00e4che<\/li>\n<li>Sehr g\u00fcnstiges Preis-Qualit\u00e4t-Verh\u00e4ltnis.<\/li>\n<\/ul>\n<p>Das ist aber nicht alles, wir garantieren auch viele zus\u00e4tzliche Dienstleistungen, wie z. B. Gep\u00e4ckwiegen, Gep\u00e4cksicherung oder auch Hilfe bei typischen Autopannen, z.B. entladene Batterie. Wenn Sie alle Bewertungen unserer Kunde lesen m\u00f6chten, besuchen Sie unsere Webseite &#8222;\u00dcber uns&#8220;.<\/p>\n<h3>Parkplatz Balice &#8211; eine billige und bequeme Alternative<\/h3>\n<p>Unser Parkplatz empf\u00e4ngt Kunden, die in die Sommerferien f\u00fcr eine l\u00e4ngere Zeit verreisen, aber auch solche, die Inlandsfl\u00fcge w\u00e4hlen und das Auto f\u00fcr einen oder zwei Tage stehen lassen. Wenn Sie von der Stadtmitte in Krak\u00f3w zum Flughafen bequem reisen m\u00f6chten, kostet Sie die Fahrt hin und zur\u00fcck mit dem Taxi ca. 100 &#8211; 140 PLN. Und wenn Sie Ihr Auto auf unserem Parkplatz in Balice abstellen, zahlen Sie nur 10 PLN. Es lohnt sich auch das Auto auf dem Parkplatz stehen lassen, wenn Sie f\u00fcr eine oder zwei Wochen verreisen, weil Sie auch in diesem Fall weniger f\u00fcr <strong>den Parkplatz als f\u00fcr das Taxi zum und vom Flughafen in Balice<\/strong> zahlen.<\/p>\n","protected":false},"excerpt":{"rendered":"<p>Suchen Sie nach einem billigen und sicheren Parkplatz f\u00fcrs Langzeitparken am Flughafen in Balice? Nach einem Parkplatz, der Ihnen erstklassigen Service anbieten kann? Dann sind Sie bei uns richtig. Wir bieten Ihnen Parkm\u00f6glichkeiten auf einer professionell befestigten Fl\u00e4che an und garantieren einen 24-Stunden-Schutz, d.h. Bewachung, \u00dcberwachung und Versicherung. Warum lohnt es sich, unsere Dienstleistungen in [&hellip;]<\/p>\n","protected":false},"author":1,"featured_media":0,"parent":0,"menu_order":10,"comment_status":"closed","ping_status":"closed","template":"","meta":[],"yoast_head":"<!-- This site is optimized with the Yoast SEO plugin v17.5 - https:\/\/yoast.com\/wordpress\/plugins\/seo\/ -->\n<title>Hauptseite | Balice ParkujGo<\/title>\n<meta name=\"robots\" content=\"index, follow, max-snippet:-1, max-image-preview:large, max-video-preview:-1\" \/>\n<link rel=\"canonical\" href=\"https:\/\/parkujgo.pl\/de\/\" \/>\n<meta property=\"og:locale\" content=\"de_DE\" \/>\n<meta property=\"og:type\" content=\"article\" \/>\n<meta property=\"og:title\" content=\"Hauptseite | Balice ParkujGo\" \/>\n<meta property=\"og:description\" content=\"Suchen Sie nach einem billigen und sicheren Parkplatz f\u00fcrs Langzeitparken am Flughafen in Balice? Nach einem Parkplatz, der Ihnen erstklassigen Service anbieten kann? Dann sind Sie bei uns richtig. Wir bieten Ihnen Parkm\u00f6glichkeiten auf einer professionell befestigten Fl\u00e4che an und garantieren einen 24-Stunden-Schutz, d.h. Bewachung, \u00dcberwachung und Versicherung. Warum lohnt es sich, unsere Dienstleistungen in [&hellip;]\" \/>\n<meta property=\"og:url\" content=\"https:\/\/parkujgo.pl\/de\/\" \/>\n<meta property=\"og:site_name\" content=\"Balice ParkujGo\" \/>\n<meta property=\"article:modified_time\" content=\"2017-12-12T09:00:18+00:00\" \/>\n<meta name=\"twitter:card\" content=\"summary\" \/>\n<meta name=\"twitter:label1\" content=\"Gesch\u00e4tzte Lesezeit\" \/>\n\t<meta name=\"twitter:data1\" content=\"1\u00a0Minute\" \/>\n<script type=\"application\/ld+json\" class=\"yoast-schema-graph\">{\"@context\":\"https:\/\/schema.org\",\"@graph\":[{\"@type\":\"Organization\",\"@id\":\"https:\/\/parkujgo.pl\/#organization\",\"name\":\"ParkujGo\",\"url\":\"https:\/\/parkujgo.pl\/\",\"sameAs\":[],\"logo\":{\"@type\":\"ImageObject\",\"@id\":\"https:\/\/parkujgo.pl\/#logo\",\"inLanguage\":\"de\",\"url\":\"https:\/\/parkujgo.pl\/wp-content\/uploads\/2018\/05\/parkujgo-logo.jpg\",\"contentUrl\":\"https:\/\/parkujgo.pl\/wp-content\/uploads\/2018\/05\/parkujgo-logo.jpg\",\"width\":\"44\",\"height\":\"65\",\"caption\":\"ParkujGo\"},\"image\":{\"@id\":\"https:\/\/parkujgo.pl\/#logo\"}},{\"@type\":\"WebSite\",\"@id\":\"https:\/\/parkujgo.pl\/#website\",\"url\":\"https:\/\/parkujgo.pl\/\",\"name\":\"Balice ParkujGo\",\"description\":\"Parkplatz Balice\",\"publisher\":{\"@id\":\"https:\/\/parkujgo.pl\/#organization\"},\"potentialAction\":[{\"@type\":\"SearchAction\",\"target\":{\"@type\":\"EntryPoint\",\"urlTemplate\":\"https:\/\/parkujgo.pl\/?s={search_term_string}\"},\"query-input\":\"required name=search_term_string\"}],\"inLanguage\":\"de\"},{\"@type\":\"WebPage\",\"@id\":\"https:\/\/parkujgo.pl\/de\/#webpage\",\"url\":\"https:\/\/parkujgo.pl\/de\/\",\"name\":\"Hauptseite | Balice ParkujGo\",\"isPartOf\":{\"@id\":\"https:\/\/parkujgo.pl\/#website\"},\"datePublished\":\"2017-10-02T12:41:05+00:00\",\"dateModified\":\"2017-12-12T09:00:18+00:00\",\"breadcrumb\":{\"@id\":\"https:\/\/parkujgo.pl\/de\/#breadcrumb\"},\"inLanguage\":\"de\",\"potentialAction\":[{\"@type\":\"ReadAction\",\"target\":[\"https:\/\/parkujgo.pl\/de\/\"]}]},{\"@type\":\"BreadcrumbList\",\"@id\":\"https:\/\/parkujgo.pl\/de\/#breadcrumb\",\"itemListElement\":[{\"@type\":\"ListItem\",\"position\":1,\"name\":\"Strona g\\u0142\\u00f3wna\",\"item\":\"https:\/\/parkujgo.pl\/de\/\"},{\"@type\":\"ListItem\",\"position\":2,\"name\":\"Hauptseite\"}]}]}<\/script>\n<!-- \/ Yoast SEO plugin. -->","yoast_head_json":{"title":"Hauptseite | Balice ParkujGo","robots":{"index":"index","follow":"follow","max-snippet":"max-snippet:-1","max-image-preview":"max-image-preview:large","max-video-preview":"max-video-preview:-1"},"canonical":"https:\/\/parkujgo.pl\/de\/","og_locale":"de_DE","og_type":"article","og_title":"Hauptseite | Balice ParkujGo","og_description":"Suchen Sie nach einem billigen und sicheren Parkplatz f\u00fcrs Langzeitparken am Flughafen in Balice? Nach einem Parkplatz, der Ihnen erstklassigen Service anbieten kann? Dann sind Sie bei uns richtig. Wir bieten Ihnen Parkm\u00f6glichkeiten auf einer professionell befestigten Fl\u00e4che an und garantieren einen 24-Stunden-Schutz, d.h. Bewachung, \u00dcberwachung und Versicherung. Warum lohnt es sich, unsere Dienstleistungen in [&hellip;]","og_url":"https:\/\/parkujgo.pl\/de\/","og_site_name":"Balice ParkujGo","article_modified_time":"2017-12-12T09:00:18+00:00","twitter_card":"summary","twitter_misc":{"Gesch\u00e4tzte Lesezeit":"1\u00a0Minute"},"schema":{"@context":"https:\/\/schema.org","@graph":[{"@type":"Organization","@id":"https:\/\/parkujgo.pl\/#organization","name":"ParkujGo","url":"https:\/\/parkujgo.pl\/","sameAs":[],"logo":{"@type":"ImageObject","@id":"https:\/\/parkujgo.pl\/#logo","inLanguage":"de","url":"https:\/\/parkujgo.pl\/wp-content\/uploads\/2018\/05\/parkujgo-logo.jpg","contentUrl":"https:\/\/parkujgo.pl\/wp-content\/uploads\/2018\/05\/parkujgo-logo.jpg","width":"44","height":"65","caption":"ParkujGo"},"image":{"@id":"https:\/\/parkujgo.pl\/#logo"}},{"@type":"WebSite","@id":"https:\/\/parkujgo.pl\/#website","url":"https:\/\/parkujgo.pl\/","name":"Balice ParkujGo","description":"Parkplatz Balice","publisher":{"@id":"https:\/\/parkujgo.pl\/#organization"},"potentialAction":[{"@type":"SearchAction","target":{"@type":"EntryPoint","urlTemplate":"https:\/\/parkujgo.pl\/?s={search_term_string}"},"query-input":"required name=search_term_string"}],"inLanguage":"de"},{"@type":"WebPage","@id":"https:\/\/parkujgo.pl\/de\/#webpage","url":"https:\/\/parkujgo.pl\/de\/","name":"Hauptseite | Balice ParkujGo","isPartOf":{"@id":"https:\/\/parkujgo.pl\/#website"},"datePublished":"2017-10-02T12:41:05+00:00","dateModified":"2017-12-12T09:00:18+00:00","breadcrumb":{"@id":"https:\/\/parkujgo.pl\/de\/#breadcrumb"},"inLanguage":"de","potentialAction":[{"@type":"ReadAction","target":["https:\/\/parkujgo.pl\/de\/"]}]},{"@type":"BreadcrumbList","@id":"https:\/\/parkujgo.pl\/de\/#breadcrumb","itemListElement":[{"@type":"ListItem","position":1,"name":"Strona g\u0142\u00f3wna","item":"https:\/\/parkujgo.pl\/de\/"},{"@type":"ListItem","position":2,"name":"Hauptseite"}]}]}},"_links":{"self":[{"href":"https:\/\/parkujgo.pl\/de\/wp-json\/wp\/v2\/pages\/627"}],"collection":[{"href":"https:\/\/parkujgo.pl\/de\/wp-json\/wp\/v2\/pages"}],"about":[{"href":"https:\/\/parkujgo.pl\/de\/wp-json\/wp\/v2\/types\/page"}],"author":[{"embeddable":true,"href":"https:\/\/parkujgo.pl\/de\/wp-json\/wp\/v2\/users\/1"}],"replies":[{"embeddable":true,"href":"https:\/\/parkujgo.pl\/de\/wp-json\/wp\/v2\/comments?post=627"}],"version-history":[{"count":5,"href":"https:\/\/parkujgo.pl\/de\/wp-json\/wp\/v2\/pages\/627\/revisions"}],"predecessor-version":[{"id":1036,"href":"https:\/\/parkujgo.pl\/de\/wp-json\/wp\/v2\/pages\/627\/revisions\/1036"}],"wp:attachment":[{"href":"https:\/\/parkujgo.pl\/de\/wp-json\/wp\/v2\/media?parent=627"}],"curies":[{"name":"wp","href":"https:\/\/api.w.org\/{rel}","templated":true}]}}