{"id":403,"date":"2017-10-02T13:06:24","date_gmt":"2017-10-02T11:06:24","guid":{"rendered":"https:\/\/parkujgo.pl\/?page_id=403\/"},"modified":"2017-11-09T09:37:51","modified_gmt":"2017-11-09T08:37:51","slug":"se-k-nam-dostanete","status":"publish","type":"page","link":"https:\/\/parkujgo.pl\/cs\/se-k-nam-dostanete\/","title":{"rendered":"Jak se k n\u00e1m dostanete?"},"content":{"rendered":"<p>Na na\u0161e parkovi\u0161t\u011b se d\u00e1 nejsn\u00e1ze dojet tak, \u017ee sjedete z obchvatu Krakova ve sm\u011bru na Zabierzow. P\u0159i cest\u011b po d\u00e1lnici z Rzeszowa nebo z Katovic zvolte sjezd \u201eBalice\u201c, pak se podle zna\u010den\u00ed na Zabierz\u00f3w vydejte doprava.<\/p>\n<p>Vzd\u00e1lenost od sjezdu z d\u00e1lnice k parkovi\u0161ti je asi 1 km &#8211; \u010dek\u00e1me na v\u00e1s v Szczyglic\u00edch, Krakowska 64 (roh s ulic\u00ed Stanis\u0142awa Kmity).<\/p>\n<p>Abyste k n\u00e1m dorazili, m\u016f\u017eete vyu\u017e\u00edt GPS navigaci (sou\u0159adnice: LAT: 50.0859741 LON: 19.8098080) nebo Mapy Google (sta\u010d\u00ed zadat n\u00e1zev parkovi\u0161t\u011b ParkujGo nebo na\u0161i adresu &#8211; Krakowska 64, 32-083 Szczyglice nebo <a href=\"https:\/\/www.google.cz\/maps\/place\/ParkujGo.pl+Parking+Lotnisko+Krak%C3%B3w+Balice\/@50.0859741,19.8076193,17z\/data=!4m13!1m7!3m6!1s0x471658e26df0ab51:0x94e7c057b6bcc4a1!2sKrakowska+64,+32-083+Szczyglice,+Polska!3b1!8m2!3d50.0859741!4d19.809808!3m4!1s0x0:0x985110e7a3603196!8m2!3d50.085862!4d19.8094326?hl=pl\" rel=\"nofollow\">kliknete na tento odkaz<\/a>)<\/p>\n<h2>Pokyny k j\u00edzd\u011b na parkovi\u0161t\u011b ze strany Rzeszow (od silnice A4)<\/h2>\n<p><iframe src=\"https:\/\/www.youtube.com\/embed\/Kw5a8tir0tQ?rel=0\" width=\"560\" height=\"315\" frameborder=\"0\" allowfullscreen=\"allowfullscreen\"><\/iframe><\/p>\n<h2>Cesta na parkovi\u0161t\u011b z Katovic (silnice A4)<\/h2>\n<p><iframe src=\"https:\/\/www.youtube.com\/embed\/7VnCeckwzps?rel=0\" width=\"560\" height=\"315\" frameborder=\"0\" allowfullscreen=\"allowfullscreen\"><\/iframe><\/p>\n","protected":false},"excerpt":{"rendered":"<p>Na na\u0161e parkovi\u0161t\u011b se d\u00e1 nejsn\u00e1ze dojet tak, \u017ee sjedete z obchvatu Krakova ve sm\u011bru na Zabierzow. P\u0159i cest\u011b po d\u00e1lnici z Rzeszowa nebo z Katovic zvolte sjezd \u201eBalice\u201c, pak se podle zna\u010den\u00ed na Zabierz\u00f3w vydejte doprava. Vzd\u00e1lenost od sjezdu z d\u00e1lnice k parkovi\u0161ti je asi 1 km &#8211; \u010dek\u00e1me na v\u00e1s v Szczyglic\u00edch, Krakowska [&hellip;]<\/p>\n","protected":false},"author":1,"featured_media":0,"parent":0,"menu_order":3,"comment_status":"closed","ping_status":"closed","template":"jak_dojechac_template.php","meta":[],"yoast_head":"<!-- This site is optimized with the Yoast SEO plugin v17.5 - https:\/\/yoast.com\/wordpress\/plugins\/seo\/ -->\n<title>Jak se dostat na parkovi\u0161ti ParkujGo Krakow Balice?<\/title>\n<meta name=\"description\" content=\"Zjist\u011bte, jak se k n\u00e1m dostat snadno. Nechat auto a my budeme v\u00e1s zavede do leti\u0161tn\u00edho termin\u00e1lu, stejn\u011b jako vyzvednout v\u00e1s, jestli d\u00e1te n\u00e1m v\u011bd\u011bt.\" \/>\n<meta name=\"robots\" content=\"index, follow, max-snippet:-1, max-image-preview:large, max-video-preview:-1\" \/>\n<link rel=\"canonical\" href=\"https:\/\/parkujgo.pl\/cs\/se-k-nam-dostanete\/\" \/>\n<meta property=\"og:locale\" content=\"cs_CZ\" \/>\n<meta property=\"og:type\" content=\"article\" \/>\n<meta property=\"og:title\" content=\"Jak se dostat na parkovi\u0161ti ParkujGo Krakow Balice?\" \/>\n<meta property=\"og:description\" content=\"Zjist\u011bte, jak se k n\u00e1m dostat snadno. Nechat auto a my budeme v\u00e1s zavede do leti\u0161tn\u00edho termin\u00e1lu, stejn\u011b jako vyzvednout v\u00e1s, jestli d\u00e1te n\u00e1m v\u011bd\u011bt.\" \/>\n<meta property=\"og:url\" content=\"https:\/\/parkujgo.pl\/cs\/se-k-nam-dostanete\/\" \/>\n<meta property=\"og:site_name\" content=\"Balice ParkujGo\" \/>\n<meta property=\"article:modified_time\" content=\"2017-11-09T08:37:51+00:00\" \/>\n<meta name=\"twitter:card\" content=\"summary\" \/>\n<meta name=\"twitter:label1\" content=\"Odhadovan\u00e1 doba \u010dten\u00ed\" \/>\n\t<meta name=\"twitter:data1\" content=\"1 minuta\" \/>\n<script type=\"application\/ld+json\" class=\"yoast-schema-graph\">{\"@context\":\"https:\/\/schema.org\",\"@graph\":[{\"@type\":\"Organization\",\"@id\":\"https:\/\/parkujgo.pl\/#organization\",\"name\":\"ParkujGo\",\"url\":\"https:\/\/parkujgo.pl\/\",\"sameAs\":[],\"logo\":{\"@type\":\"ImageObject\",\"@id\":\"https:\/\/parkujgo.pl\/#logo\",\"inLanguage\":\"cs\",\"url\":\"https:\/\/parkujgo.pl\/wp-content\/uploads\/2018\/05\/parkujgo-logo.jpg\",\"contentUrl\":\"https:\/\/parkujgo.pl\/wp-content\/uploads\/2018\/05\/parkujgo-logo.jpg\",\"width\":\"44\",\"height\":\"65\",\"caption\":\"ParkujGo\"},\"image\":{\"@id\":\"https:\/\/parkujgo.pl\/#logo\"}},{\"@type\":\"WebSite\",\"@id\":\"https:\/\/parkujgo.pl\/#website\",\"url\":\"https:\/\/parkujgo.pl\/\",\"name\":\"Balice ParkujGo\",\"description\":\"Parkovi\\u0161t\\u011b Balice\",\"publisher\":{\"@id\":\"https:\/\/parkujgo.pl\/#organization\"},\"potentialAction\":[{\"@type\":\"SearchAction\",\"target\":{\"@type\":\"EntryPoint\",\"urlTemplate\":\"https:\/\/parkujgo.pl\/?s={search_term_string}\"},\"query-input\":\"required name=search_term_string\"}],\"inLanguage\":\"cs\"},{\"@type\":\"WebPage\",\"@id\":\"https:\/\/parkujgo.pl\/cs\/se-k-nam-dostanete\/#webpage\",\"url\":\"https:\/\/parkujgo.pl\/cs\/se-k-nam-dostanete\/\",\"name\":\"Jak se dostat na parkovi\\u0161ti ParkujGo Krakow Balice?\",\"isPartOf\":{\"@id\":\"https:\/\/parkujgo.pl\/#website\"},\"datePublished\":\"2017-10-02T11:06:24+00:00\",\"dateModified\":\"2017-11-09T08:37:51+00:00\",\"description\":\"Zjist\\u011bte, jak se k n\\u00e1m dostat snadno. Nechat auto a my budeme v\\u00e1s zavede do leti\\u0161tn\\u00edho termin\\u00e1lu, stejn\\u011b jako vyzvednout v\\u00e1s, jestli d\\u00e1te n\\u00e1m v\\u011bd\\u011bt.\",\"breadcrumb\":{\"@id\":\"https:\/\/parkujgo.pl\/cs\/se-k-nam-dostanete\/#breadcrumb\"},\"inLanguage\":\"cs\",\"potentialAction\":[{\"@type\":\"ReadAction\",\"target\":[\"https:\/\/parkujgo.pl\/cs\/se-k-nam-dostanete\/\"]}]},{\"@type\":\"BreadcrumbList\",\"@id\":\"https:\/\/parkujgo.pl\/cs\/se-k-nam-dostanete\/#breadcrumb\",\"itemListElement\":[{\"@type\":\"ListItem\",\"position\":1,\"name\":\"Strona g\\u0142\\u00f3wna\",\"item\":\"https:\/\/parkujgo.pl\/cs\/\"},{\"@type\":\"ListItem\",\"position\":2,\"name\":\"Jak se k n\\u00e1m dostanete?\"}]}]}<\/script>\n<!-- \/ Yoast SEO plugin. -->","yoast_head_json":{"title":"Jak se dostat na parkovi\u0161ti ParkujGo Krakow Balice?","description":"Zjist\u011bte, jak se k n\u00e1m dostat snadno. Nechat auto a my budeme v\u00e1s zavede do leti\u0161tn\u00edho termin\u00e1lu, stejn\u011b jako vyzvednout v\u00e1s, jestli d\u00e1te n\u00e1m v\u011bd\u011bt.","robots":{"index":"index","follow":"follow","max-snippet":"max-snippet:-1","max-image-preview":"max-image-preview:large","max-video-preview":"max-video-preview:-1"},"canonical":"https:\/\/parkujgo.pl\/cs\/se-k-nam-dostanete\/","og_locale":"cs_CZ","og_type":"article","og_title":"Jak se dostat na parkovi\u0161ti ParkujGo Krakow Balice?","og_description":"Zjist\u011bte, jak se k n\u00e1m dostat snadno. Nechat auto a my budeme v\u00e1s zavede do leti\u0161tn\u00edho termin\u00e1lu, stejn\u011b jako vyzvednout v\u00e1s, jestli d\u00e1te n\u00e1m v\u011bd\u011bt.","og_url":"https:\/\/parkujgo.pl\/cs\/se-k-nam-dostanete\/","og_site_name":"Balice ParkujGo","article_modified_time":"2017-11-09T08:37:51+00:00","twitter_card":"summary","twitter_misc":{"Odhadovan\u00e1 doba \u010dten\u00ed":"1 minuta"},"schema":{"@context":"https:\/\/schema.org","@graph":[{"@type":"Organization","@id":"https:\/\/parkujgo.pl\/#organization","name":"ParkujGo","url":"https:\/\/parkujgo.pl\/","sameAs":[],"logo":{"@type":"ImageObject","@id":"https:\/\/parkujgo.pl\/#logo","inLanguage":"cs","url":"https:\/\/parkujgo.pl\/wp-content\/uploads\/2018\/05\/parkujgo-logo.jpg","contentUrl":"https:\/\/parkujgo.pl\/wp-content\/uploads\/2018\/05\/parkujgo-logo.jpg","width":"44","height":"65","caption":"ParkujGo"},"image":{"@id":"https:\/\/parkujgo.pl\/#logo"}},{"@type":"WebSite","@id":"https:\/\/parkujgo.pl\/#website","url":"https:\/\/parkujgo.pl\/","name":"Balice ParkujGo","description":"Parkovi\u0161t\u011b Balice","publisher":{"@id":"https:\/\/parkujgo.pl\/#organization"},"potentialAction":[{"@type":"SearchAction","target":{"@type":"EntryPoint","urlTemplate":"https:\/\/parkujgo.pl\/?s={search_term_string}"},"query-input":"required name=search_term_string"}],"inLanguage":"cs"},{"@type":"WebPage","@id":"https:\/\/parkujgo.pl\/cs\/se-k-nam-dostanete\/#webpage","url":"https:\/\/parkujgo.pl\/cs\/se-k-nam-dostanete\/","name":"Jak se dostat na parkovi\u0161ti ParkujGo Krakow Balice?","isPartOf":{"@id":"https:\/\/parkujgo.pl\/#website"},"datePublished":"2017-10-02T11:06:24+00:00","dateModified":"2017-11-09T08:37:51+00:00","description":"Zjist\u011bte, jak se k n\u00e1m dostat snadno. Nechat auto a my budeme v\u00e1s zavede do leti\u0161tn\u00edho termin\u00e1lu, stejn\u011b jako vyzvednout v\u00e1s, jestli d\u00e1te n\u00e1m v\u011bd\u011bt.","breadcrumb":{"@id":"https:\/\/parkujgo.pl\/cs\/se-k-nam-dostanete\/#breadcrumb"},"inLanguage":"cs","potentialAction":[{"@type":"ReadAction","target":["https:\/\/parkujgo.pl\/cs\/se-k-nam-dostanete\/"]}]},{"@type":"BreadcrumbList","@id":"https:\/\/parkujgo.pl\/cs\/se-k-nam-dostanete\/#breadcrumb","itemListElement":[{"@type":"ListItem","position":1,"name":"Strona g\u0142\u00f3wna","item":"https:\/\/parkujgo.pl\/cs\/"},{"@type":"ListItem","position":2,"name":"Jak se k n\u00e1m dostanete?"}]}]}},"_links":{"self":[{"href":"https:\/\/parkujgo.pl\/cs\/wp-json\/wp\/v2\/pages\/403"}],"collection":[{"href":"https:\/\/parkujgo.pl\/cs\/wp-json\/wp\/v2\/pages"}],"about":[{"href":"https:\/\/parkujgo.pl\/cs\/wp-json\/wp\/v2\/types\/page"}],"author":[{"embeddable":true,"href":"https:\/\/parkujgo.pl\/cs\/wp-json\/wp\/v2\/users\/1"}],"replies":[{"embeddable":true,"href":"https:\/\/parkujgo.pl\/cs\/wp-json\/wp\/v2\/comments?post=403"}],"version-history":[{"count":7,"href":"https:\/\/parkujgo.pl\/cs\/wp-json\/wp\/v2\/pages\/403\/revisions"}],"predecessor-version":[{"id":961,"href":"https:\/\/parkujgo.pl\/cs\/wp-json\/wp\/v2\/pages\/403\/revisions\/961"}],"wp:attachment":[{"href":"https:\/\/parkujgo.pl\/cs\/wp-json\/wp\/v2\/media?parent=403"}],"curies":[{"name":"wp","href":"https:\/\/api.w.org\/{rel}","templated":true}]}}