{"id":401,"date":"2017-09-01T11:50:47","date_gmt":"2017-09-01T09:50:47","guid":{"rendered":"https:\/\/parkujgo.pl\/?page_id=401\/"},"modified":"2018-11-07T10:27:42","modified_gmt":"2018-11-07T09:27:42","slug":"cenik","status":"publish","type":"page","link":"https:\/\/parkujgo.pl\/cs\/cenik\/","title":{"rendered":"Cen\u00edk"},"content":{"rendered":"<p>Poplatky na parkovi\u0161ti Parkujgo.pl se \u00fa\u010dtuj\u00ed za ka\u017ed\u00fd zapo\u010dat\u00fd den<br \/>\nJe mo\u017en\u00e9 uhradit slu\u017ebu p\u0159evodem, ov\u0161em preferujeme platbu v hotovosti v den odjezdu. Faktury vystavujeme v term\u00ednu 7 dn\u00ed od \u00fahrady.<br \/>\nFaktura\u010dn\u00ed \u00fadaje n\u00e1m, pros\u00edm, poskytn\u011bte v okam\u017eiku rezervace nebo pot\u00e9, co doraz\u00edte na parkovi\u0161t\u011b.<\/p>\n<p>P\u0159ij\u00edm\u00e1me \u20ac .<br \/>\nPlatby v \u20ac p\u0159ij\u00edm\u00e1me jen v bankovk\u00e1ch, podle aktu\u00e1ln\u00edho kurzu Polsk\u00e9 n\u00e1rodn\u00ed banky na vypo\u010dtenou \u010d\u00e1stku. P\u0159\u00edpadn\u00fd rozd\u00edl vrac\u00edme v PLN.<\/p>\n<p>Pokud chcete sv\u00e9 auto na na\u0161em parkovi\u0161ti zaparkovat na dobu del\u0161\u00ed ne\u017e 31 dn\u00ed, kontaktujte n\u00e1s, pros\u00edm, mailem nebo telefonicky &#8211; p\u0159iprav\u00edme speci\u00e1ln\u00ed cenovou nab\u00eddku.<\/p>\n","protected":false},"excerpt":{"rendered":"<p>Poplatky na parkovi\u0161ti Parkujgo.pl se \u00fa\u010dtuj\u00ed za ka\u017ed\u00fd zapo\u010dat\u00fd den Je mo\u017en\u00e9 uhradit slu\u017ebu p\u0159evodem, ov\u0161em preferujeme platbu v hotovosti v den odjezdu. Faktury vystavujeme v term\u00ednu 7 dn\u00ed od \u00fahrady. Faktura\u010dn\u00ed \u00fadaje n\u00e1m, pros\u00edm, poskytn\u011bte v okam\u017eiku rezervace nebo pot\u00e9, co doraz\u00edte na parkovi\u0161t\u011b. P\u0159ij\u00edm\u00e1me \u20ac . Platby v \u20ac p\u0159ij\u00edm\u00e1me jen v bankovk\u00e1ch, [&hellip;]<\/p>\n","protected":false},"author":1,"featured_media":0,"parent":0,"menu_order":4,"comment_status":"closed","ping_status":"closed","template":"cennik_template.php","meta":[],"yoast_head":"<!-- This site is optimized with the Yoast SEO plugin v17.5 - https:\/\/yoast.com\/wordpress\/plugins\/seo\/ -->\n<title>ParkujGo parking ceny - cenu. Prvn\u00ed den 10 PLN - ParkujGo.pl<\/title>\n<meta name=\"description\" content=\"Parkov\u00e1n\u00ed Balice - Otev\u0159en\u00fd 24\/7 zdarma a bezpe\u010dn\u011b \u2708 p\u0159enos $: 0. \u2705 p\u0159ezkoum\u00e1na mnoho.\" \/>\n<meta name=\"robots\" content=\"index, follow, max-snippet:-1, max-image-preview:large, max-video-preview:-1\" \/>\n<link rel=\"canonical\" href=\"https:\/\/parkujgo.pl\/cs\/cenik\/\" \/>\n<meta property=\"og:locale\" content=\"cs_CZ\" \/>\n<meta property=\"og:type\" content=\"article\" \/>\n<meta property=\"og:title\" content=\"ParkujGo parking ceny - cenu. Prvn\u00ed den 10 PLN - ParkujGo.pl\" \/>\n<meta property=\"og:description\" content=\"Parkov\u00e1n\u00ed Balice - Otev\u0159en\u00fd 24\/7 zdarma a bezpe\u010dn\u011b \u2708 p\u0159enos $: 0. \u2705 p\u0159ezkoum\u00e1na mnoho.\" \/>\n<meta property=\"og:url\" content=\"https:\/\/parkujgo.pl\/cs\/cenik\/\" \/>\n<meta property=\"og:site_name\" content=\"Balice ParkujGo\" \/>\n<meta property=\"article:modified_time\" content=\"2018-11-07T09:27:42+00:00\" \/>\n<meta name=\"twitter:card\" content=\"summary\" \/>\n<meta name=\"twitter:label1\" content=\"Odhadovan\u00e1 doba \u010dten\u00ed\" \/>\n\t<meta name=\"twitter:data1\" content=\"1 minuta\" \/>\n<script type=\"application\/ld+json\" class=\"yoast-schema-graph\">{\"@context\":\"https:\/\/schema.org\",\"@graph\":[{\"@type\":\"Organization\",\"@id\":\"https:\/\/parkujgo.pl\/#organization\",\"name\":\"ParkujGo\",\"url\":\"https:\/\/parkujgo.pl\/\",\"sameAs\":[],\"logo\":{\"@type\":\"ImageObject\",\"@id\":\"https:\/\/parkujgo.pl\/#logo\",\"inLanguage\":\"cs\",\"url\":\"https:\/\/parkujgo.pl\/wp-content\/uploads\/2018\/05\/parkujgo-logo.jpg\",\"contentUrl\":\"https:\/\/parkujgo.pl\/wp-content\/uploads\/2018\/05\/parkujgo-logo.jpg\",\"width\":\"44\",\"height\":\"65\",\"caption\":\"ParkujGo\"},\"image\":{\"@id\":\"https:\/\/parkujgo.pl\/#logo\"}},{\"@type\":\"WebSite\",\"@id\":\"https:\/\/parkujgo.pl\/#website\",\"url\":\"https:\/\/parkujgo.pl\/\",\"name\":\"Balice ParkujGo\",\"description\":\"Parkovi\\u0161t\\u011b Balice\",\"publisher\":{\"@id\":\"https:\/\/parkujgo.pl\/#organization\"},\"potentialAction\":[{\"@type\":\"SearchAction\",\"target\":{\"@type\":\"EntryPoint\",\"urlTemplate\":\"https:\/\/parkujgo.pl\/?s={search_term_string}\"},\"query-input\":\"required name=search_term_string\"}],\"inLanguage\":\"cs\"},{\"@type\":\"WebPage\",\"@id\":\"https:\/\/parkujgo.pl\/cs\/cenik\/#webpage\",\"url\":\"https:\/\/parkujgo.pl\/cs\/cenik\/\",\"name\":\"ParkujGo parking ceny - cenu. Prvn\\u00ed den 10 PLN - ParkujGo.pl\",\"isPartOf\":{\"@id\":\"https:\/\/parkujgo.pl\/#website\"},\"datePublished\":\"2017-09-01T09:50:47+00:00\",\"dateModified\":\"2018-11-07T09:27:42+00:00\",\"description\":\"Parkov\\u00e1n\\u00ed Balice - Otev\\u0159en\\u00fd 24\/7 zdarma a bezpe\\u010dn\\u011b \\u2708 p\\u0159enos $: 0. \\u2705 p\\u0159ezkoum\\u00e1na mnoho.\",\"breadcrumb\":{\"@id\":\"https:\/\/parkujgo.pl\/cs\/cenik\/#breadcrumb\"},\"inLanguage\":\"cs\",\"potentialAction\":[{\"@type\":\"ReadAction\",\"target\":[\"https:\/\/parkujgo.pl\/cs\/cenik\/\"]}]},{\"@type\":\"BreadcrumbList\",\"@id\":\"https:\/\/parkujgo.pl\/cs\/cenik\/#breadcrumb\",\"itemListElement\":[{\"@type\":\"ListItem\",\"position\":1,\"name\":\"Strona g\\u0142\\u00f3wna\",\"item\":\"https:\/\/parkujgo.pl\/cs\/\"},{\"@type\":\"ListItem\",\"position\":2,\"name\":\"Cen\\u00edk\"}]}]}<\/script>\n<!-- \/ Yoast SEO plugin. -->","yoast_head_json":{"title":"ParkujGo parking ceny - cenu. Prvn\u00ed den 10 PLN - ParkujGo.pl","description":"Parkov\u00e1n\u00ed Balice - Otev\u0159en\u00fd 24\/7 zdarma a bezpe\u010dn\u011b \u2708 p\u0159enos $: 0. \u2705 p\u0159ezkoum\u00e1na mnoho.","robots":{"index":"index","follow":"follow","max-snippet":"max-snippet:-1","max-image-preview":"max-image-preview:large","max-video-preview":"max-video-preview:-1"},"canonical":"https:\/\/parkujgo.pl\/cs\/cenik\/","og_locale":"cs_CZ","og_type":"article","og_title":"ParkujGo parking ceny - cenu. Prvn\u00ed den 10 PLN - ParkujGo.pl","og_description":"Parkov\u00e1n\u00ed Balice - Otev\u0159en\u00fd 24\/7 zdarma a bezpe\u010dn\u011b \u2708 p\u0159enos $: 0. \u2705 p\u0159ezkoum\u00e1na mnoho.","og_url":"https:\/\/parkujgo.pl\/cs\/cenik\/","og_site_name":"Balice ParkujGo","article_modified_time":"2018-11-07T09:27:42+00:00","twitter_card":"summary","twitter_misc":{"Odhadovan\u00e1 doba \u010dten\u00ed":"1 minuta"},"schema":{"@context":"https:\/\/schema.org","@graph":[{"@type":"Organization","@id":"https:\/\/parkujgo.pl\/#organization","name":"ParkujGo","url":"https:\/\/parkujgo.pl\/","sameAs":[],"logo":{"@type":"ImageObject","@id":"https:\/\/parkujgo.pl\/#logo","inLanguage":"cs","url":"https:\/\/parkujgo.pl\/wp-content\/uploads\/2018\/05\/parkujgo-logo.jpg","contentUrl":"https:\/\/parkujgo.pl\/wp-content\/uploads\/2018\/05\/parkujgo-logo.jpg","width":"44","height":"65","caption":"ParkujGo"},"image":{"@id":"https:\/\/parkujgo.pl\/#logo"}},{"@type":"WebSite","@id":"https:\/\/parkujgo.pl\/#website","url":"https:\/\/parkujgo.pl\/","name":"Balice ParkujGo","description":"Parkovi\u0161t\u011b Balice","publisher":{"@id":"https:\/\/parkujgo.pl\/#organization"},"potentialAction":[{"@type":"SearchAction","target":{"@type":"EntryPoint","urlTemplate":"https:\/\/parkujgo.pl\/?s={search_term_string}"},"query-input":"required name=search_term_string"}],"inLanguage":"cs"},{"@type":"WebPage","@id":"https:\/\/parkujgo.pl\/cs\/cenik\/#webpage","url":"https:\/\/parkujgo.pl\/cs\/cenik\/","name":"ParkujGo parking ceny - cenu. Prvn\u00ed den 10 PLN - ParkujGo.pl","isPartOf":{"@id":"https:\/\/parkujgo.pl\/#website"},"datePublished":"2017-09-01T09:50:47+00:00","dateModified":"2018-11-07T09:27:42+00:00","description":"Parkov\u00e1n\u00ed Balice - Otev\u0159en\u00fd 24\/7 zdarma a bezpe\u010dn\u011b \u2708 p\u0159enos $: 0. \u2705 p\u0159ezkoum\u00e1na mnoho.","breadcrumb":{"@id":"https:\/\/parkujgo.pl\/cs\/cenik\/#breadcrumb"},"inLanguage":"cs","potentialAction":[{"@type":"ReadAction","target":["https:\/\/parkujgo.pl\/cs\/cenik\/"]}]},{"@type":"BreadcrumbList","@id":"https:\/\/parkujgo.pl\/cs\/cenik\/#breadcrumb","itemListElement":[{"@type":"ListItem","position":1,"name":"Strona g\u0142\u00f3wna","item":"https:\/\/parkujgo.pl\/cs\/"},{"@type":"ListItem","position":2,"name":"Cen\u00edk"}]}]}},"_links":{"self":[{"href":"https:\/\/parkujgo.pl\/cs\/wp-json\/wp\/v2\/pages\/401"}],"collection":[{"href":"https:\/\/parkujgo.pl\/cs\/wp-json\/wp\/v2\/pages"}],"about":[{"href":"https:\/\/parkujgo.pl\/cs\/wp-json\/wp\/v2\/types\/page"}],"author":[{"embeddable":true,"href":"https:\/\/parkujgo.pl\/cs\/wp-json\/wp\/v2\/users\/1"}],"replies":[{"embeddable":true,"href":"https:\/\/parkujgo.pl\/cs\/wp-json\/wp\/v2\/comments?post=401"}],"version-history":[{"count":11,"href":"https:\/\/parkujgo.pl\/cs\/wp-json\/wp\/v2\/pages\/401\/revisions"}],"predecessor-version":[{"id":1368,"href":"https:\/\/parkujgo.pl\/cs\/wp-json\/wp\/v2\/pages\/401\/revisions\/1368"}],"wp:attachment":[{"href":"https:\/\/parkujgo.pl\/cs\/wp-json\/wp\/v2\/media?parent=401"}],"curies":[{"name":"wp","href":"https:\/\/api.w.org\/{rel}","templated":true}]}}