{"id":399,"date":"2017-10-02T13:05:38","date_gmt":"2017-10-02T11:05:38","guid":{"rendered":"https:\/\/parkujgo.pl\/?page_id=399\/"},"modified":"2017-10-10T12:58:36","modified_gmt":"2017-10-10T10:58:36","slug":"sluzby","status":"publish","type":"page","link":"https:\/\/parkujgo.pl\/cs\/sluzby\/","title":{"rendered":"Slu\u017eby"},"content":{"rendered":"<p>Co po\u017eadujete od parkovi\u0161t\u011b u leti\u0161t\u011b? Ur\u010dit\u011b slu\u017eby, kter\u00e9 zajist\u00ed bezpe\u010d\u00ed, tedy ochranu, monitorov\u00e1n\u00ed, osv\u011btlen\u00ed. Na\u0161im klient\u016fm ale nab\u00edz\u00edme mnohem v\u00edce, proto\u017ee chceme, aby se c\u00edtili komfortn\u011b. A da\u0159\u00ed se n\u00e1m to skv\u011ble, proto\u017ee a\u017e 99 % osob, kter\u00e9 si vybraly ParkujGo, je s obsluhou spokojena.<\/p>\n","protected":false},"excerpt":{"rendered":"<p>Co po\u017eadujete od parkovi\u0161t\u011b u leti\u0161t\u011b? Ur\u010dit\u011b slu\u017eby, kter\u00e9 zajist\u00ed bezpe\u010d\u00ed, tedy ochranu, monitorov\u00e1n\u00ed, osv\u011btlen\u00ed. Na\u0161im klient\u016fm ale nab\u00edz\u00edme mnohem v\u00edce, proto\u017ee chceme, aby se c\u00edtili komfortn\u011b. A da\u0159\u00ed se n\u00e1m to skv\u011ble, proto\u017ee a\u017e 99 % osob, kter\u00e9 si vybraly ParkujGo, je s obsluhou spokojena.<\/p>\n","protected":false},"author":1,"featured_media":0,"parent":0,"menu_order":6,"comment_status":"closed","ping_status":"closed","template":"uslugi_template.php","meta":[],"yoast_head":"<!-- This site is optimized with the Yoast SEO plugin v17.5 - https:\/\/yoast.com\/wordpress\/plugins\/seo\/ -->\n<title>Slu\u017eby | Balice ParkujGo<\/title>\n<meta name=\"robots\" content=\"index, follow, max-snippet:-1, max-image-preview:large, max-video-preview:-1\" \/>\n<link rel=\"canonical\" href=\"https:\/\/parkujgo.pl\/cs\/sluzby\/\" \/>\n<meta property=\"og:locale\" content=\"cs_CZ\" \/>\n<meta property=\"og:type\" content=\"article\" \/>\n<meta property=\"og:title\" content=\"Slu\u017eby | Balice ParkujGo\" \/>\n<meta property=\"og:description\" content=\"Co po\u017eadujete od parkovi\u0161t\u011b u leti\u0161t\u011b? Ur\u010dit\u011b slu\u017eby, kter\u00e9 zajist\u00ed bezpe\u010d\u00ed, tedy ochranu, monitorov\u00e1n\u00ed, osv\u011btlen\u00ed. Na\u0161im klient\u016fm ale nab\u00edz\u00edme mnohem v\u00edce, proto\u017ee chceme, aby se c\u00edtili komfortn\u011b. A da\u0159\u00ed se n\u00e1m to skv\u011ble, proto\u017ee a\u017e 99 % osob, kter\u00e9 si vybraly ParkujGo, je s obsluhou spokojena.\" \/>\n<meta property=\"og:url\" content=\"https:\/\/parkujgo.pl\/cs\/sluzby\/\" \/>\n<meta property=\"og:site_name\" content=\"Balice ParkujGo\" \/>\n<meta property=\"article:modified_time\" content=\"2017-10-10T10:58:36+00:00\" \/>\n<meta name=\"twitter:card\" content=\"summary\" \/>\n<script type=\"application\/ld+json\" class=\"yoast-schema-graph\">{\"@context\":\"https:\/\/schema.org\",\"@graph\":[{\"@type\":\"Organization\",\"@id\":\"https:\/\/parkujgo.pl\/#organization\",\"name\":\"ParkujGo\",\"url\":\"https:\/\/parkujgo.pl\/\",\"sameAs\":[],\"logo\":{\"@type\":\"ImageObject\",\"@id\":\"https:\/\/parkujgo.pl\/#logo\",\"inLanguage\":\"cs\",\"url\":\"https:\/\/parkujgo.pl\/wp-content\/uploads\/2018\/05\/parkujgo-logo.jpg\",\"contentUrl\":\"https:\/\/parkujgo.pl\/wp-content\/uploads\/2018\/05\/parkujgo-logo.jpg\",\"width\":\"44\",\"height\":\"65\",\"caption\":\"ParkujGo\"},\"image\":{\"@id\":\"https:\/\/parkujgo.pl\/#logo\"}},{\"@type\":\"WebSite\",\"@id\":\"https:\/\/parkujgo.pl\/#website\",\"url\":\"https:\/\/parkujgo.pl\/\",\"name\":\"Balice ParkujGo\",\"description\":\"Parkovi\\u0161t\\u011b Balice\",\"publisher\":{\"@id\":\"https:\/\/parkujgo.pl\/#organization\"},\"potentialAction\":[{\"@type\":\"SearchAction\",\"target\":{\"@type\":\"EntryPoint\",\"urlTemplate\":\"https:\/\/parkujgo.pl\/?s={search_term_string}\"},\"query-input\":\"required name=search_term_string\"}],\"inLanguage\":\"cs\"},{\"@type\":\"WebPage\",\"@id\":\"https:\/\/parkujgo.pl\/cs\/sluzby\/#webpage\",\"url\":\"https:\/\/parkujgo.pl\/cs\/sluzby\/\",\"name\":\"Slu\\u017eby | Balice ParkujGo\",\"isPartOf\":{\"@id\":\"https:\/\/parkujgo.pl\/#website\"},\"datePublished\":\"2017-10-02T11:05:38+00:00\",\"dateModified\":\"2017-10-10T10:58:36+00:00\",\"breadcrumb\":{\"@id\":\"https:\/\/parkujgo.pl\/cs\/sluzby\/#breadcrumb\"},\"inLanguage\":\"cs\",\"potentialAction\":[{\"@type\":\"ReadAction\",\"target\":[\"https:\/\/parkujgo.pl\/cs\/sluzby\/\"]}]},{\"@type\":\"BreadcrumbList\",\"@id\":\"https:\/\/parkujgo.pl\/cs\/sluzby\/#breadcrumb\",\"itemListElement\":[{\"@type\":\"ListItem\",\"position\":1,\"name\":\"Strona g\\u0142\\u00f3wna\",\"item\":\"https:\/\/parkujgo.pl\/cs\/\"},{\"@type\":\"ListItem\",\"position\":2,\"name\":\"Slu\\u017eby\"}]}]}<\/script>\n<!-- \/ Yoast SEO plugin. -->","yoast_head_json":{"title":"Slu\u017eby | Balice ParkujGo","robots":{"index":"index","follow":"follow","max-snippet":"max-snippet:-1","max-image-preview":"max-image-preview:large","max-video-preview":"max-video-preview:-1"},"canonical":"https:\/\/parkujgo.pl\/cs\/sluzby\/","og_locale":"cs_CZ","og_type":"article","og_title":"Slu\u017eby | Balice ParkujGo","og_description":"Co po\u017eadujete od parkovi\u0161t\u011b u leti\u0161t\u011b? Ur\u010dit\u011b slu\u017eby, kter\u00e9 zajist\u00ed bezpe\u010d\u00ed, tedy ochranu, monitorov\u00e1n\u00ed, osv\u011btlen\u00ed. Na\u0161im klient\u016fm ale nab\u00edz\u00edme mnohem v\u00edce, proto\u017ee chceme, aby se c\u00edtili komfortn\u011b. A da\u0159\u00ed se n\u00e1m to skv\u011ble, proto\u017ee a\u017e 99 % osob, kter\u00e9 si vybraly ParkujGo, je s obsluhou spokojena.","og_url":"https:\/\/parkujgo.pl\/cs\/sluzby\/","og_site_name":"Balice ParkujGo","article_modified_time":"2017-10-10T10:58:36+00:00","twitter_card":"summary","schema":{"@context":"https:\/\/schema.org","@graph":[{"@type":"Organization","@id":"https:\/\/parkujgo.pl\/#organization","name":"ParkujGo","url":"https:\/\/parkujgo.pl\/","sameAs":[],"logo":{"@type":"ImageObject","@id":"https:\/\/parkujgo.pl\/#logo","inLanguage":"cs","url":"https:\/\/parkujgo.pl\/wp-content\/uploads\/2018\/05\/parkujgo-logo.jpg","contentUrl":"https:\/\/parkujgo.pl\/wp-content\/uploads\/2018\/05\/parkujgo-logo.jpg","width":"44","height":"65","caption":"ParkujGo"},"image":{"@id":"https:\/\/parkujgo.pl\/#logo"}},{"@type":"WebSite","@id":"https:\/\/parkujgo.pl\/#website","url":"https:\/\/parkujgo.pl\/","name":"Balice ParkujGo","description":"Parkovi\u0161t\u011b Balice","publisher":{"@id":"https:\/\/parkujgo.pl\/#organization"},"potentialAction":[{"@type":"SearchAction","target":{"@type":"EntryPoint","urlTemplate":"https:\/\/parkujgo.pl\/?s={search_term_string}"},"query-input":"required name=search_term_string"}],"inLanguage":"cs"},{"@type":"WebPage","@id":"https:\/\/parkujgo.pl\/cs\/sluzby\/#webpage","url":"https:\/\/parkujgo.pl\/cs\/sluzby\/","name":"Slu\u017eby | Balice ParkujGo","isPartOf":{"@id":"https:\/\/parkujgo.pl\/#website"},"datePublished":"2017-10-02T11:05:38+00:00","dateModified":"2017-10-10T10:58:36+00:00","breadcrumb":{"@id":"https:\/\/parkujgo.pl\/cs\/sluzby\/#breadcrumb"},"inLanguage":"cs","potentialAction":[{"@type":"ReadAction","target":["https:\/\/parkujgo.pl\/cs\/sluzby\/"]}]},{"@type":"BreadcrumbList","@id":"https:\/\/parkujgo.pl\/cs\/sluzby\/#breadcrumb","itemListElement":[{"@type":"ListItem","position":1,"name":"Strona g\u0142\u00f3wna","item":"https:\/\/parkujgo.pl\/cs\/"},{"@type":"ListItem","position":2,"name":"Slu\u017eby"}]}]}},"_links":{"self":[{"href":"https:\/\/parkujgo.pl\/cs\/wp-json\/wp\/v2\/pages\/399"}],"collection":[{"href":"https:\/\/parkujgo.pl\/cs\/wp-json\/wp\/v2\/pages"}],"about":[{"href":"https:\/\/parkujgo.pl\/cs\/wp-json\/wp\/v2\/types\/page"}],"author":[{"embeddable":true,"href":"https:\/\/parkujgo.pl\/cs\/wp-json\/wp\/v2\/users\/1"}],"replies":[{"embeddable":true,"href":"https:\/\/parkujgo.pl\/cs\/wp-json\/wp\/v2\/comments?post=399"}],"version-history":[{"count":6,"href":"https:\/\/parkujgo.pl\/cs\/wp-json\/wp\/v2\/pages\/399\/revisions"}],"predecessor-version":[{"id":896,"href":"https:\/\/parkujgo.pl\/cs\/wp-json\/wp\/v2\/pages\/399\/revisions\/896"}],"wp:attachment":[{"href":"https:\/\/parkujgo.pl\/cs\/wp-json\/wp\/v2\/media?parent=399"}],"curies":[{"name":"wp","href":"https:\/\/api.w.org\/{rel}","templated":true}]}}