{"id":397,"date":"2017-10-02T13:05:06","date_gmt":"2017-10-02T11:05:06","guid":{"rendered":"https:\/\/parkujgo.pl\/?page_id=397\/"},"modified":"2017-10-02T13:40:25","modified_gmt":"2017-10-02T11:40:25","slug":"o-nas","status":"publish","type":"page","link":"https:\/\/parkujgo.pl\/cs\/o-nas\/","title":{"rendered":"O n\u00e1s"},"content":{"rendered":"<p>ParkujGo je dlouhodob\u00e9 parkovi\u0161t\u011b u leti\u0161t\u011b v Balic\u00edch u Krakova. Nab\u00edz\u00edme 250 parkovac\u00edch m\u00edst na zpevn\u011bn\u00e9 plo\u0161e. Parkovi\u0161t\u011b je oploceno, 24 hodin denn\u011b st\u0159e\u017eeno, monitorov\u00e1no, poji\u0161t\u011bno a disponuje profesion\u00e1ln\u00edm osv\u011btlen\u00edm.<\/p>\n<p>Vzd\u00e1lenost od leti\u0161t\u011b Krakov Balice k na\u0161emu parkovi\u0161ti je jen n\u011bco m\u00e1lo p\u0159es jeden kilometr. Tuto vzd\u00e1lenost bez probl\u00e9mu p\u0159ekon\u00e1te, proto\u017ee v\u00e1m v cen\u011b parkov\u00e1n\u00ed zaji\u0161\u0165ujeme transfer na leti\u0161t\u011b. P\u0159eprava prob\u00edh\u00e1 ihned pot\u00e9, co k n\u00e1m doraz\u00edte, a trv\u00e1 maxim\u00e1ln\u011b 3 minuty.<\/p>\n<p>Na\u0161im klient\u016fm nab\u00edz\u00edme co nejkomplexn\u011bj\u0161\u00ed slu\u017eby. M\u016f\u017eete u n\u00e1s nechat sv\u016fj automobil, ov\u011b\u0159it si, jestli zavazadlo nep\u0159ekra\u010duje povolenou hmotnost, vyu\u017e\u00edt bezplatn\u00e9 Wi-Fi a dokonce si i nab\u00edt elektromobil. V p\u0159\u00edpad\u011b probl\u00e9m\u016f s autem v\u00e1m je k dispozici startovac\u00ed za\u0159\u00edzen\u00ed a kompresor.<\/p>\n<p>Dal\u0161\u00ed p\u0159ednosti na\u0161eho parkovi\u0161t\u011b objev\u00edte pot\u00e9, co si projdete jeho cen\u00edk. Bez ohledu na to, jestli zde nech\u00e1te sv\u00e9 auto st\u00e1t jeden den nebo dva t\u00fddny, zaru\u010dujeme v\u00e1m atraktivn\u00ed ceny. A jestli tu chcete auto nechat d\u00e9le ne\u017e 30 dn\u00ed, m\u00e1me pro v\u00e1s speci\u00e1ln\u00ed nab\u00eddku.<\/p>\n<p>ParkujGo dokazuje, \u017ee parkov\u00e1n\u00ed u leti\u0161t\u011b m\u016f\u017ee b\u00fdt bezpe\u010dn\u00e9 a z\u00e1rove\u0148 levn\u00e9.<\/p>\n","protected":false},"excerpt":{"rendered":"<p>ParkujGo je dlouhodob\u00e9 parkovi\u0161t\u011b u leti\u0161t\u011b v Balic\u00edch u Krakova. Nab\u00edz\u00edme 250 parkovac\u00edch m\u00edst na zpevn\u011bn\u00e9 plo\u0161e. Parkovi\u0161t\u011b je oploceno, 24 hodin denn\u011b st\u0159e\u017eeno, monitorov\u00e1no, poji\u0161t\u011bno a disponuje profesion\u00e1ln\u00edm osv\u011btlen\u00edm. Vzd\u00e1lenost od leti\u0161t\u011b Krakov Balice k na\u0161emu parkovi\u0161ti je jen n\u011bco m\u00e1lo p\u0159es jeden kilometr. Tuto vzd\u00e1lenost bez probl\u00e9mu p\u0159ekon\u00e1te, proto\u017ee v\u00e1m v cen\u011b parkov\u00e1n\u00ed [&hellip;]<\/p>\n","protected":false},"author":1,"featured_media":0,"parent":0,"menu_order":8,"comment_status":"closed","ping_status":"open","template":"_about-us.php","meta":[],"yoast_head":"<!-- This site is optimized with the Yoast SEO plugin v17.5 - https:\/\/yoast.com\/wordpress\/plugins\/seo\/ -->\n<title>O n\u00e1s | Balice ParkujGo<\/title>\n<meta name=\"robots\" content=\"index, follow, max-snippet:-1, max-image-preview:large, max-video-preview:-1\" \/>\n<link rel=\"canonical\" href=\"https:\/\/parkujgo.pl\/cs\/o-nas\/\" \/>\n<meta property=\"og:locale\" content=\"cs_CZ\" \/>\n<meta property=\"og:type\" content=\"article\" \/>\n<meta property=\"og:title\" content=\"O n\u00e1s | Balice ParkujGo\" \/>\n<meta property=\"og:description\" content=\"ParkujGo je dlouhodob\u00e9 parkovi\u0161t\u011b u leti\u0161t\u011b v Balic\u00edch u Krakova. Nab\u00edz\u00edme 250 parkovac\u00edch m\u00edst na zpevn\u011bn\u00e9 plo\u0161e. Parkovi\u0161t\u011b je oploceno, 24 hodin denn\u011b st\u0159e\u017eeno, monitorov\u00e1no, poji\u0161t\u011bno a disponuje profesion\u00e1ln\u00edm osv\u011btlen\u00edm. Vzd\u00e1lenost od leti\u0161t\u011b Krakov Balice k na\u0161emu parkovi\u0161ti je jen n\u011bco m\u00e1lo p\u0159es jeden kilometr. Tuto vzd\u00e1lenost bez probl\u00e9mu p\u0159ekon\u00e1te, proto\u017ee v\u00e1m v cen\u011b parkov\u00e1n\u00ed [&hellip;]\" \/>\n<meta property=\"og:url\" content=\"https:\/\/parkujgo.pl\/cs\/o-nas\/\" \/>\n<meta property=\"og:site_name\" content=\"Balice ParkujGo\" \/>\n<meta property=\"article:modified_time\" content=\"2017-10-02T11:40:25+00:00\" \/>\n<meta name=\"twitter:card\" content=\"summary\" \/>\n<meta name=\"twitter:label1\" content=\"Odhadovan\u00e1 doba \u010dten\u00ed\" \/>\n\t<meta name=\"twitter:data1\" content=\"1 minuta\" \/>\n<script type=\"application\/ld+json\" class=\"yoast-schema-graph\">{\"@context\":\"https:\/\/schema.org\",\"@graph\":[{\"@type\":\"Organization\",\"@id\":\"https:\/\/parkujgo.pl\/#organization\",\"name\":\"ParkujGo\",\"url\":\"https:\/\/parkujgo.pl\/\",\"sameAs\":[],\"logo\":{\"@type\":\"ImageObject\",\"@id\":\"https:\/\/parkujgo.pl\/#logo\",\"inLanguage\":\"cs\",\"url\":\"https:\/\/parkujgo.pl\/wp-content\/uploads\/2018\/05\/parkujgo-logo.jpg\",\"contentUrl\":\"https:\/\/parkujgo.pl\/wp-content\/uploads\/2018\/05\/parkujgo-logo.jpg\",\"width\":\"44\",\"height\":\"65\",\"caption\":\"ParkujGo\"},\"image\":{\"@id\":\"https:\/\/parkujgo.pl\/#logo\"}},{\"@type\":\"WebSite\",\"@id\":\"https:\/\/parkujgo.pl\/#website\",\"url\":\"https:\/\/parkujgo.pl\/\",\"name\":\"Balice ParkujGo\",\"description\":\"Parkovi\\u0161t\\u011b Balice\",\"publisher\":{\"@id\":\"https:\/\/parkujgo.pl\/#organization\"},\"potentialAction\":[{\"@type\":\"SearchAction\",\"target\":{\"@type\":\"EntryPoint\",\"urlTemplate\":\"https:\/\/parkujgo.pl\/?s={search_term_string}\"},\"query-input\":\"required name=search_term_string\"}],\"inLanguage\":\"cs\"},{\"@type\":\"WebPage\",\"@id\":\"https:\/\/parkujgo.pl\/cs\/o-nas\/#webpage\",\"url\":\"https:\/\/parkujgo.pl\/cs\/o-nas\/\",\"name\":\"O n\\u00e1s | Balice ParkujGo\",\"isPartOf\":{\"@id\":\"https:\/\/parkujgo.pl\/#website\"},\"datePublished\":\"2017-10-02T11:05:06+00:00\",\"dateModified\":\"2017-10-02T11:40:25+00:00\",\"breadcrumb\":{\"@id\":\"https:\/\/parkujgo.pl\/cs\/o-nas\/#breadcrumb\"},\"inLanguage\":\"cs\",\"potentialAction\":[{\"@type\":\"ReadAction\",\"target\":[\"https:\/\/parkujgo.pl\/cs\/o-nas\/\"]}]},{\"@type\":\"BreadcrumbList\",\"@id\":\"https:\/\/parkujgo.pl\/cs\/o-nas\/#breadcrumb\",\"itemListElement\":[{\"@type\":\"ListItem\",\"position\":1,\"name\":\"Strona g\\u0142\\u00f3wna\",\"item\":\"https:\/\/parkujgo.pl\/cs\/\"},{\"@type\":\"ListItem\",\"position\":2,\"name\":\"O n\\u00e1s\"}]}]}<\/script>\n<!-- \/ Yoast SEO plugin. -->","yoast_head_json":{"title":"O n\u00e1s | Balice ParkujGo","robots":{"index":"index","follow":"follow","max-snippet":"max-snippet:-1","max-image-preview":"max-image-preview:large","max-video-preview":"max-video-preview:-1"},"canonical":"https:\/\/parkujgo.pl\/cs\/o-nas\/","og_locale":"cs_CZ","og_type":"article","og_title":"O n\u00e1s | Balice ParkujGo","og_description":"ParkujGo je dlouhodob\u00e9 parkovi\u0161t\u011b u leti\u0161t\u011b v Balic\u00edch u Krakova. Nab\u00edz\u00edme 250 parkovac\u00edch m\u00edst na zpevn\u011bn\u00e9 plo\u0161e. Parkovi\u0161t\u011b je oploceno, 24 hodin denn\u011b st\u0159e\u017eeno, monitorov\u00e1no, poji\u0161t\u011bno a disponuje profesion\u00e1ln\u00edm osv\u011btlen\u00edm. Vzd\u00e1lenost od leti\u0161t\u011b Krakov Balice k na\u0161emu parkovi\u0161ti je jen n\u011bco m\u00e1lo p\u0159es jeden kilometr. Tuto vzd\u00e1lenost bez probl\u00e9mu p\u0159ekon\u00e1te, proto\u017ee v\u00e1m v cen\u011b parkov\u00e1n\u00ed [&hellip;]","og_url":"https:\/\/parkujgo.pl\/cs\/o-nas\/","og_site_name":"Balice ParkujGo","article_modified_time":"2017-10-02T11:40:25+00:00","twitter_card":"summary","twitter_misc":{"Odhadovan\u00e1 doba \u010dten\u00ed":"1 minuta"},"schema":{"@context":"https:\/\/schema.org","@graph":[{"@type":"Organization","@id":"https:\/\/parkujgo.pl\/#organization","name":"ParkujGo","url":"https:\/\/parkujgo.pl\/","sameAs":[],"logo":{"@type":"ImageObject","@id":"https:\/\/parkujgo.pl\/#logo","inLanguage":"cs","url":"https:\/\/parkujgo.pl\/wp-content\/uploads\/2018\/05\/parkujgo-logo.jpg","contentUrl":"https:\/\/parkujgo.pl\/wp-content\/uploads\/2018\/05\/parkujgo-logo.jpg","width":"44","height":"65","caption":"ParkujGo"},"image":{"@id":"https:\/\/parkujgo.pl\/#logo"}},{"@type":"WebSite","@id":"https:\/\/parkujgo.pl\/#website","url":"https:\/\/parkujgo.pl\/","name":"Balice ParkujGo","description":"Parkovi\u0161t\u011b Balice","publisher":{"@id":"https:\/\/parkujgo.pl\/#organization"},"potentialAction":[{"@type":"SearchAction","target":{"@type":"EntryPoint","urlTemplate":"https:\/\/parkujgo.pl\/?s={search_term_string}"},"query-input":"required name=search_term_string"}],"inLanguage":"cs"},{"@type":"WebPage","@id":"https:\/\/parkujgo.pl\/cs\/o-nas\/#webpage","url":"https:\/\/parkujgo.pl\/cs\/o-nas\/","name":"O n\u00e1s | Balice ParkujGo","isPartOf":{"@id":"https:\/\/parkujgo.pl\/#website"},"datePublished":"2017-10-02T11:05:06+00:00","dateModified":"2017-10-02T11:40:25+00:00","breadcrumb":{"@id":"https:\/\/parkujgo.pl\/cs\/o-nas\/#breadcrumb"},"inLanguage":"cs","potentialAction":[{"@type":"ReadAction","target":["https:\/\/parkujgo.pl\/cs\/o-nas\/"]}]},{"@type":"BreadcrumbList","@id":"https:\/\/parkujgo.pl\/cs\/o-nas\/#breadcrumb","itemListElement":[{"@type":"ListItem","position":1,"name":"Strona g\u0142\u00f3wna","item":"https:\/\/parkujgo.pl\/cs\/"},{"@type":"ListItem","position":2,"name":"O n\u00e1s"}]}]}},"_links":{"self":[{"href":"https:\/\/parkujgo.pl\/cs\/wp-json\/wp\/v2\/pages\/397"}],"collection":[{"href":"https:\/\/parkujgo.pl\/cs\/wp-json\/wp\/v2\/pages"}],"about":[{"href":"https:\/\/parkujgo.pl\/cs\/wp-json\/wp\/v2\/types\/page"}],"author":[{"embeddable":true,"href":"https:\/\/parkujgo.pl\/cs\/wp-json\/wp\/v2\/users\/1"}],"replies":[{"embeddable":true,"href":"https:\/\/parkujgo.pl\/cs\/wp-json\/wp\/v2\/comments?post=397"}],"version-history":[{"count":3,"href":"https:\/\/parkujgo.pl\/cs\/wp-json\/wp\/v2\/pages\/397\/revisions"}],"predecessor-version":[{"id":972,"href":"https:\/\/parkujgo.pl\/cs\/wp-json\/wp\/v2\/pages\/397\/revisions\/972"}],"wp:attachment":[{"href":"https:\/\/parkujgo.pl\/cs\/wp-json\/wp\/v2\/media?parent=397"}],"curies":[{"name":"wp","href":"https:\/\/api.w.org\/{rel}","templated":true}]}}